{"id":688,"date":"2021-03-30T15:10:17","date_gmt":"2021-03-30T15:10:17","guid":{"rendered":"http:\/\/centrecanadiendelafamille.ca\/?page_id=688"},"modified":"2021-09-28T21:43:28","modified_gmt":"2021-09-28T21:43:28","slug":"membres-du-personnel","status":"publish","type":"page","link":"https:\/\/centrecanadiendelafamille.ca\/en\/membres-du-personnel\/","title":{"rendered":"Membres du personnel"},"content":{"rendered":"<div data-elementor-type=\"wp-page\" data-elementor-id=\"688\" class=\"elementor elementor-688\" data-elementor-post-type=\"page\">\n\t\t\t\t\t\t<section class=\"elementor-section elementor-top-section elementor-element elementor-element-7165df8 elementor-section-boxed elementor-section-height-default elementor-section-height-default\" data-id=\"7165df8\" data-element_type=\"section\" data-e-type=\"section\" data-settings=\"{&quot;background_background&quot;:&quot;classic&quot;}\">\n\t\t\t\t\t\t\t<div class=\"elementor-background-overlay\"><\/div>\n\t\t\t\t\t\t\t<div class=\"elementor-container elementor-column-gap-default\">\n\t\t\t\t\t<div class=\"elementor-column elementor-col-33 elementor-top-column elementor-element elementor-element-bf6e204\" data-id=\"bf6e204\" data-element_type=\"column\" data-e-type=\"column\">\n\t\t\t<div class=\"elementor-widget-wrap elementor-element-populated\">\n\t\t\t\t\t\t<div class=\"elementor-element elementor-element-a7b87b1 elementor-widget-divider--view-line elementor-widget elementor-widget-divider\" data-id=\"a7b87b1\" data-element_type=\"widget\" data-e-type=\"widget\" data-widget_type=\"divider.default\">\n\t\t\t\t<div class=\"elementor-widget-container\">\n\t\t\t\t\t\t\t<div class=\"elementor-divider\">\n\t\t\t<span class=\"elementor-divider-separator\">\n\t\t\t\t\t\t<\/span>\n\t\t<\/div>\n\t\t\t\t\t\t<\/div>\n\t\t\t\t<\/div>\n\t\t\t\t\t<\/div>\n\t\t<\/div>\n\t\t\t\t<div class=\"elementor-column elementor-col-33 elementor-top-column elementor-element elementor-element-4df6fbe\" data-id=\"4df6fbe\" data-element_type=\"column\" data-e-type=\"column\">\n\t\t\t<div class=\"elementor-widget-wrap elementor-element-populated\">\n\t\t\t\t\t\t<div class=\"elementor-element elementor-element-f9a99ef elementor-widget elementor-widget-heading\" data-id=\"f9a99ef\" data-element_type=\"widget\" data-e-type=\"widget\" data-widget_type=\"heading.default\">\n\t\t\t\t<div class=\"elementor-widget-container\">\n\t\t\t\t\t<h2 class=\"elementor-heading-title elementor-size-default\">Membres du personnel<\/h2>\t\t\t\t<\/div>\n\t\t\t\t<\/div>\n\t\t\t\t\t<\/div>\n\t\t<\/div>\n\t\t\t\t<div class=\"elementor-column elementor-col-33 elementor-top-column elementor-element elementor-element-7f5bc5d\" data-id=\"7f5bc5d\" data-element_type=\"column\" data-e-type=\"column\">\n\t\t\t<div class=\"elementor-widget-wrap elementor-element-populated\">\n\t\t\t\t\t\t<div class=\"elementor-element elementor-element-e3c9069 elementor-widget-divider--view-line elementor-widget elementor-widget-divider\" data-id=\"e3c9069\" data-element_type=\"widget\" data-e-type=\"widget\" data-widget_type=\"divider.default\">\n\t\t\t\t<div class=\"elementor-widget-container\">\n\t\t\t\t\t\t\t<div class=\"elementor-divider\">\n\t\t\t<span class=\"elementor-divider-separator\">\n\t\t\t\t\t\t<\/span>\n\t\t<\/div>\n\t\t\t\t\t\t<\/div>\n\t\t\t\t<\/div>\n\t\t\t\t\t<\/div>\n\t\t<\/div>\n\t\t\t\t\t<\/div>\n\t\t<\/section>\n\t\t\t\t<section class=\"elementor-section elementor-top-section elementor-element elementor-element-127b28dc elementor-section-full_width elementor-section-height-default elementor-section-height-default\" data-id=\"127b28dc\" data-element_type=\"section\" data-e-type=\"section\">\n\t\t\t\t\t\t<div class=\"elementor-container elementor-column-gap-default\">\n\t\t\t\t\t<div class=\"elementor-column elementor-col-100 elementor-top-column elementor-element elementor-element-50382f87\" data-id=\"50382f87\" data-element_type=\"column\" data-e-type=\"column\">\n\t\t\t<div class=\"elementor-widget-wrap elementor-element-populated\">\n\t\t\t\t\t\t<div class=\"elementor-element elementor-element-442c4d76 elementor-widget elementor-widget-heading\" data-id=\"442c4d76\" data-element_type=\"widget\" data-e-type=\"widget\" data-widget_type=\"heading.default\">\n\t\t\t\t<div class=\"elementor-widget-container\">\n\t\t\t\t\t<h2 class=\"elementor-heading-title elementor-size-default\">Membres du personnel<\/h2>\t\t\t\t<\/div>\n\t\t\t\t<\/div>\n\t\t\t\t<div class=\"elementor-element elementor-element-3227907 elementor-widget elementor-widget-heading\" data-id=\"3227907\" data-element_type=\"widget\" data-e-type=\"widget\" data-widget_type=\"heading.default\">\n\t\t\t\t<div class=\"elementor-widget-container\">\n\t\t\t\t\t<h2 class=\"elementor-heading-title elementor-size-default\">Nous sommes une \u00e9quipe dynamique et exp\u00e9riment\u00e9e, compos\u00e9e de sp\u00e9cialistes en divers domaines.<\/h2>\t\t\t\t<\/div>\n\t\t\t\t<\/div>\n\t\t\t\t<div class=\"elementor-element elementor-element-7df2599 elementor-widget elementor-widget-spacer\" data-id=\"7df2599\" data-element_type=\"widget\" data-e-type=\"widget\" data-widget_type=\"spacer.default\">\n\t\t\t\t<div class=\"elementor-widget-container\">\n\t\t\t\t\t\t\t<div class=\"elementor-spacer\">\n\t\t\t<div class=\"elementor-spacer-inner\"><\/div>\n\t\t<\/div>\n\t\t\t\t\t\t<\/div>\n\t\t\t\t<\/div>\n\t\t\t\t<div class=\"elementor-element elementor-element-6757163 elementor-align-center elementor-mobile-align-center elementor-widget elementor-widget-button\" data-id=\"6757163\" data-element_type=\"widget\" data-e-type=\"widget\" data-widget_type=\"button.default\">\n\t\t\t\t<div class=\"elementor-widget-container\">\n\t\t\t\t\t\t\t\t\t<div class=\"elementor-button-wrapper\">\n\t\t\t\t\t<a class=\"elementor-button elementor-button-link elementor-size-md elementor-animation-shrink\" href=\"https:\/\/centrecanadiendelafamille.ca\/en\/contact\/\">\n\t\t\t\t\t\t<span class=\"elementor-button-content-wrapper\">\n\t\t\t\t\t\t<span class=\"elementor-button-icon\">\n\t\t\t\t<i aria-hidden=\"true\" class=\"fas fa-long-arrow-alt-right\"><\/i>\t\t\t<\/span>\n\t\t\t\t\t\t\t\t\t<span class=\"elementor-button-text\">Contacter notre \u00e9quipe<\/span>\n\t\t\t\t\t<\/span>\n\t\t\t\t\t<\/a>\n\t\t\t\t<\/div>\n\t\t\t\t\t\t\t\t<\/div>\n\t\t\t\t<\/div>\n\t\t\t\t\t<\/div>\n\t\t<\/div>\n\t\t\t\t\t<\/div>\n\t\t<\/section>\n\t\t\t\t<section class=\"elementor-section elementor-top-section elementor-element elementor-element-05f7506 elementor-section-boxed elementor-section-height-default elementor-section-height-default\" data-id=\"05f7506\" data-element_type=\"section\" data-e-type=\"section\">\n\t\t\t\t\t\t<div class=\"elementor-container elementor-column-gap-default\">\n\t\t\t\t\t<div class=\"elementor-column elementor-col-100 elementor-top-column elementor-element elementor-element-b99f18d\" data-id=\"b99f18d\" data-element_type=\"column\" data-e-type=\"column\">\n\t\t\t<div class=\"elementor-widget-wrap elementor-element-populated\">\n\t\t\t\t\t\t<div class=\"elementor-element elementor-element-d35c9e1 elementor-widget elementor-widget-spacer\" data-id=\"d35c9e1\" data-element_type=\"widget\" data-e-type=\"widget\" data-widget_type=\"spacer.default\">\n\t\t\t\t<div class=\"elementor-widget-container\">\n\t\t\t\t\t\t\t<div class=\"elementor-spacer\">\n\t\t\t<div class=\"elementor-spacer-inner\"><\/div>\n\t\t<\/div>\n\t\t\t\t\t\t<\/div>\n\t\t\t\t<\/div>\n\t\t\t\t\t<\/div>\n\t\t<\/div>\n\t\t\t\t\t<\/div>\n\t\t<\/section>\n\t\t\t\t<\/div>","protected":false},"excerpt":{"rendered":"<p>Membres du personnel Membres du personnel Nous sommes une \u00e9quipe dynamique et exp\u00e9riment\u00e9e, compos\u00e9e de sp\u00e9cialistes en divers domaines. Contacter notre \u00e9quipe<\/p>","protected":false},"author":1,"featured_media":0,"parent":0,"menu_order":0,"comment_status":"closed","ping_status":"closed","template":"elementor_header_footer","meta":{"footnotes":""},"class_list":["post-688","page","type-page","status-publish","hentry"],"yoast_head":"<!-- This site is optimized with the Yoast SEO plugin v27.5 - https:\/\/yoast.com\/product\/yoast-seo-wordpress\/ -->\n<title>Membres du personnel - Centre canadien pour l&#039;unit&eacute; de la famille<\/title>\n<meta name=\"robots\" content=\"index, follow, max-snippet:-1, max-image-preview:large, max-video-preview:-1\" \/>\n<link rel=\"canonical\" href=\"https:\/\/centrecanadiendelafamille.ca\/en\/membres-du-personnel\/\" \/>\n<meta property=\"og:locale\" content=\"en_US\" \/>\n<meta property=\"og:type\" content=\"article\" \/>\n<meta property=\"og:title\" content=\"Membres du personnel - Centre canadien pour l&#039;unit&eacute; de la famille\" \/>\n<meta property=\"og:description\" content=\"Membres du personnel Membres du personnel Nous sommes une \u00e9quipe dynamique et exp\u00e9riment\u00e9e, compos\u00e9e de sp\u00e9cialistes en divers domaines. Contacter notre \u00e9quipe\" \/>\n<meta property=\"og:url\" content=\"https:\/\/centrecanadiendelafamille.ca\/en\/membres-du-personnel\/\" \/>\n<meta property=\"og:site_name\" content=\"Centre canadien pour l&#039;unit&eacute; de la famille\" \/>\n<meta property=\"article:modified_time\" content=\"2021-09-28T21:43:28+00:00\" \/>\n<meta name=\"twitter:card\" content=\"summary_large_image\" \/>\n<script type=\"application\/ld+json\" class=\"yoast-schema-graph\">{\"@context\":\"https:\\\/\\\/schema.org\",\"@graph\":[{\"@type\":\"WebPage\",\"@id\":\"https:\\\/\\\/centrecanadiendelafamille.ca\\\/membres-du-personnel\\\/\",\"url\":\"https:\\\/\\\/centrecanadiendelafamille.ca\\\/membres-du-personnel\\\/\",\"name\":\"Membres du personnel - Centre canadien pour l'unit&eacute; de la famille\",\"isPartOf\":{\"@id\":\"https:\\\/\\\/centrecanadiendelafamille.ca\\\/#website\"},\"datePublished\":\"2021-03-30T15:10:17+00:00\",\"dateModified\":\"2021-09-28T21:43:28+00:00\",\"breadcrumb\":{\"@id\":\"https:\\\/\\\/centrecanadiendelafamille.ca\\\/membres-du-personnel\\\/#breadcrumb\"},\"inLanguage\":\"en-US\",\"potentialAction\":[{\"@type\":\"ReadAction\",\"target\":[\"https:\\\/\\\/centrecanadiendelafamille.ca\\\/membres-du-personnel\\\/\"]}]},{\"@type\":\"BreadcrumbList\",\"@id\":\"https:\\\/\\\/centrecanadiendelafamille.ca\\\/membres-du-personnel\\\/#breadcrumb\",\"itemListElement\":[{\"@type\":\"ListItem\",\"position\":1,\"name\":\"Home\",\"item\":\"https:\\\/\\\/centrecanadiendelafamille.ca\\\/\"},{\"@type\":\"ListItem\",\"position\":2,\"name\":\"Membres du personnel\"}]},{\"@type\":\"WebSite\",\"@id\":\"https:\\\/\\\/centrecanadiendelafamille.ca\\\/#website\",\"url\":\"https:\\\/\\\/centrecanadiendelafamille.ca\\\/\",\"name\":\"Centre canadien pour l'unit&eacute; de la famille\",\"description\":\"Pour notre bien-&ecirc;tre\",\"publisher\":{\"@id\":\"https:\\\/\\\/centrecanadiendelafamille.ca\\\/#organization\"},\"potentialAction\":[{\"@type\":\"SearchAction\",\"target\":{\"@type\":\"EntryPoint\",\"urlTemplate\":\"https:\\\/\\\/centrecanadiendelafamille.ca\\\/?s={search_term_string}\"},\"query-input\":{\"@type\":\"PropertyValueSpecification\",\"valueRequired\":true,\"valueName\":\"search_term_string\"}}],\"inLanguage\":\"en-US\"},{\"@type\":\"Organization\",\"@id\":\"https:\\\/\\\/centrecanadiendelafamille.ca\\\/#organization\",\"name\":\"Centre canadien pour l'unit&eacute; de la famille\",\"url\":\"https:\\\/\\\/centrecanadiendelafamille.ca\\\/\",\"logo\":{\"@type\":\"ImageObject\",\"inLanguage\":\"en-US\",\"@id\":\"https:\\\/\\\/centrecanadiendelafamille.ca\\\/#\\\/schema\\\/logo\\\/image\\\/\",\"url\":\"https:\\\/\\\/centrecanadiendelafamille.ca\\\/wp-content\\\/uploads\\\/2021\\\/04\\\/cropped-CCF20-LOGO_FINAL.jpg\",\"contentUrl\":\"https:\\\/\\\/centrecanadiendelafamille.ca\\\/wp-content\\\/uploads\\\/2021\\\/04\\\/cropped-CCF20-LOGO_FINAL.jpg\",\"width\":747,\"height\":290,\"caption\":\"Centre canadien pour l'unit&eacute; de la famille\"},\"image\":{\"@id\":\"https:\\\/\\\/centrecanadiendelafamille.ca\\\/#\\\/schema\\\/logo\\\/image\\\/\"}}]}<\/script>\n<!-- \/ Yoast SEO plugin. -->","yoast_head_json":{"title":"Membres du personnel - Centre canadien pour l'unit&eacute; de la famille","robots":{"index":"index","follow":"follow","max-snippet":"max-snippet:-1","max-image-preview":"max-image-preview:large","max-video-preview":"max-video-preview:-1"},"canonical":"https:\/\/centrecanadiendelafamille.ca\/en\/membres-du-personnel\/","og_locale":"en_US","og_type":"article","og_title":"Membres du personnel - Centre canadien pour l'unit&eacute; de la famille","og_description":"Membres du personnel Membres du personnel Nous sommes une \u00e9quipe dynamique et exp\u00e9riment\u00e9e, compos\u00e9e de sp\u00e9cialistes en divers domaines. Contacter notre \u00e9quipe","og_url":"https:\/\/centrecanadiendelafamille.ca\/en\/membres-du-personnel\/","og_site_name":"Centre canadien pour l'unit&eacute; de la famille","article_modified_time":"2021-09-28T21:43:28+00:00","twitter_card":"summary_large_image","schema":{"@context":"https:\/\/schema.org","@graph":[{"@type":"WebPage","@id":"https:\/\/centrecanadiendelafamille.ca\/membres-du-personnel\/","url":"https:\/\/centrecanadiendelafamille.ca\/membres-du-personnel\/","name":"Membres du personnel - Centre canadien pour l'unit&eacute; de la famille","isPartOf":{"@id":"https:\/\/centrecanadiendelafamille.ca\/#website"},"datePublished":"2021-03-30T15:10:17+00:00","dateModified":"2021-09-28T21:43:28+00:00","breadcrumb":{"@id":"https:\/\/centrecanadiendelafamille.ca\/membres-du-personnel\/#breadcrumb"},"inLanguage":"en-US","potentialAction":[{"@type":"ReadAction","target":["https:\/\/centrecanadiendelafamille.ca\/membres-du-personnel\/"]}]},{"@type":"BreadcrumbList","@id":"https:\/\/centrecanadiendelafamille.ca\/membres-du-personnel\/#breadcrumb","itemListElement":[{"@type":"ListItem","position":1,"name":"Home","item":"https:\/\/centrecanadiendelafamille.ca\/"},{"@type":"ListItem","position":2,"name":"Membres du personnel"}]},{"@type":"WebSite","@id":"https:\/\/centrecanadiendelafamille.ca\/#website","url":"https:\/\/centrecanadiendelafamille.ca\/","name":"Centre canadien pour l'unit&eacute; de la famille","description":"Pour notre bien-&ecirc;tre","publisher":{"@id":"https:\/\/centrecanadiendelafamille.ca\/#organization"},"potentialAction":[{"@type":"SearchAction","target":{"@type":"EntryPoint","urlTemplate":"https:\/\/centrecanadiendelafamille.ca\/?s={search_term_string}"},"query-input":{"@type":"PropertyValueSpecification","valueRequired":true,"valueName":"search_term_string"}}],"inLanguage":"en-US"},{"@type":"Organization","@id":"https:\/\/centrecanadiendelafamille.ca\/#organization","name":"Centre canadien pour l'unit&eacute; de la famille","url":"https:\/\/centrecanadiendelafamille.ca\/","logo":{"@type":"ImageObject","inLanguage":"en-US","@id":"https:\/\/centrecanadiendelafamille.ca\/#\/schema\/logo\/image\/","url":"https:\/\/centrecanadiendelafamille.ca\/wp-content\/uploads\/2021\/04\/cropped-CCF20-LOGO_FINAL.jpg","contentUrl":"https:\/\/centrecanadiendelafamille.ca\/wp-content\/uploads\/2021\/04\/cropped-CCF20-LOGO_FINAL.jpg","width":747,"height":290,"caption":"Centre canadien pour l'unit&eacute; de la famille"},"image":{"@id":"https:\/\/centrecanadiendelafamille.ca\/#\/schema\/logo\/image\/"}}]}},"_links":{"self":[{"href":"https:\/\/centrecanadiendelafamille.ca\/en\/wp-json\/wp\/v2\/pages\/688","targetHints":{"allow":["GET"]}}],"collection":[{"href":"https:\/\/centrecanadiendelafamille.ca\/en\/wp-json\/wp\/v2\/pages"}],"about":[{"href":"https:\/\/centrecanadiendelafamille.ca\/en\/wp-json\/wp\/v2\/types\/page"}],"author":[{"embeddable":true,"href":"https:\/\/centrecanadiendelafamille.ca\/en\/wp-json\/wp\/v2\/users\/1"}],"replies":[{"embeddable":true,"href":"https:\/\/centrecanadiendelafamille.ca\/en\/wp-json\/wp\/v2\/comments?post=688"}],"version-history":[{"count":0,"href":"https:\/\/centrecanadiendelafamille.ca\/en\/wp-json\/wp\/v2\/pages\/688\/revisions"}],"wp:attachment":[{"href":"https:\/\/centrecanadiendelafamille.ca\/en\/wp-json\/wp\/v2\/media?parent=688"}],"curies":[{"name":"wp","href":"https:\/\/api.w.org\/{rel}","templated":true}]}}