{"id":4796,"date":"2022-10-28T14:24:30","date_gmt":"2022-10-28T14:24:30","guid":{"rendered":"https:\/\/centrecanadiendelafamille.ca\/?page_id=4796"},"modified":"2022-10-28T14:33:15","modified_gmt":"2022-10-28T14:33:15","slug":"ma-voix-mon-visage","status":"publish","type":"page","link":"https:\/\/centrecanadiendelafamille.ca\/en\/ma-voix-mon-visage\/","title":{"rendered":"\u00ab Ma voix, mon visage \u00bb"},"content":{"rendered":"<div data-elementor-type=\"wp-page\" data-elementor-id=\"4796\" class=\"elementor elementor-4796\" data-elementor-post-type=\"page\">\n\t\t\t\t\t\t<section class=\"elementor-section elementor-top-section elementor-element elementor-element-135d03ae elementor-section-boxed elementor-section-height-default elementor-section-height-default\" data-id=\"135d03ae\" data-element_type=\"section\" data-e-type=\"section\" data-settings=\"{&quot;background_background&quot;:&quot;classic&quot;}\">\n\t\t\t\t\t\t\t<div class=\"elementor-background-overlay\"><\/div>\n\t\t\t\t\t\t\t<div class=\"elementor-container elementor-column-gap-default\">\n\t\t\t\t\t<div class=\"elementor-column elementor-col-33 elementor-top-column elementor-element elementor-element-8000d0b elementor-hidden-phone\" data-id=\"8000d0b\" data-element_type=\"column\" data-e-type=\"column\">\n\t\t\t<div class=\"elementor-widget-wrap elementor-element-populated\">\n\t\t\t\t\t\t<div class=\"elementor-element elementor-element-8deb15f elementor-widget-divider--view-line elementor-widget elementor-widget-divider\" data-id=\"8deb15f\" data-element_type=\"widget\" data-e-type=\"widget\" data-widget_type=\"divider.default\">\n\t\t\t\t<div class=\"elementor-widget-container\">\n\t\t\t\t\t\t\t<div class=\"elementor-divider\">\n\t\t\t<span class=\"elementor-divider-separator\">\n\t\t\t\t\t\t<\/span>\n\t\t<\/div>\n\t\t\t\t\t\t<\/div>\n\t\t\t\t<\/div>\n\t\t\t\t\t<\/div>\n\t\t<\/div>\n\t\t\t\t<div class=\"elementor-column elementor-col-33 elementor-top-column elementor-element elementor-element-281377cb\" data-id=\"281377cb\" data-element_type=\"column\" data-e-type=\"column\">\n\t\t\t<div class=\"elementor-widget-wrap elementor-element-populated\">\n\t\t\t\t\t\t\t<\/div>\n\t\t<\/div>\n\t\t\t\t<div class=\"elementor-column elementor-col-33 elementor-top-column elementor-element elementor-element-dab520d elementor-hidden-phone\" data-id=\"dab520d\" data-element_type=\"column\" data-e-type=\"column\">\n\t\t\t<div class=\"elementor-widget-wrap elementor-element-populated\">\n\t\t\t\t\t\t<div class=\"elementor-element elementor-element-285457a elementor-widget-divider--view-line elementor-widget elementor-widget-divider\" data-id=\"285457a\" data-element_type=\"widget\" data-e-type=\"widget\" data-widget_type=\"divider.default\">\n\t\t\t\t<div class=\"elementor-widget-container\">\n\t\t\t\t\t\t\t<div class=\"elementor-divider\">\n\t\t\t<span class=\"elementor-divider-separator\">\n\t\t\t\t\t\t<\/span>\n\t\t<\/div>\n\t\t\t\t\t\t<\/div>\n\t\t\t\t<\/div>\n\t\t\t\t\t<\/div>\n\t\t<\/div>\n\t\t\t\t\t<\/div>\n\t\t<\/section>\n\t\t\t\t<section class=\"elementor-section elementor-top-section elementor-element elementor-element-2ab7f3c elementor-section-boxed elementor-section-height-default elementor-section-height-default\" data-id=\"2ab7f3c\" data-element_type=\"section\" data-e-type=\"section\">\n\t\t\t\t\t\t<div class=\"elementor-container elementor-column-gap-default\">\n\t\t\t\t\t<div class=\"elementor-column elementor-col-100 elementor-top-column elementor-element elementor-element-bb3a215\" data-id=\"bb3a215\" data-element_type=\"column\" data-e-type=\"column\">\n\t\t\t<div class=\"elementor-widget-wrap elementor-element-populated\">\n\t\t\t\t\t\t<div class=\"elementor-element elementor-element-2f5d359 elementor-widget elementor-widget-spacer\" data-id=\"2f5d359\" data-element_type=\"widget\" data-e-type=\"widget\" data-widget_type=\"spacer.default\">\n\t\t\t\t<div class=\"elementor-widget-container\">\n\t\t\t\t\t\t\t<div class=\"elementor-spacer\">\n\t\t\t<div class=\"elementor-spacer-inner\"><\/div>\n\t\t<\/div>\n\t\t\t\t\t\t<\/div>\n\t\t\t\t<\/div>\n\t\t\t\t\t<\/div>\n\t\t<\/div>\n\t\t\t\t\t<\/div>\n\t\t<\/section>\n\t\t\t\t<section class=\"elementor-section elementor-top-section elementor-element elementor-element-f7c7f4f elementor-section-boxed elementor-section-height-default elementor-section-height-default\" data-id=\"f7c7f4f\" data-element_type=\"section\" data-e-type=\"section\">\n\t\t\t\t\t\t<div class=\"elementor-container elementor-column-gap-default\">\n\t\t\t\t\t<div class=\"elementor-column elementor-col-33 elementor-top-column elementor-element elementor-element-1215134\" data-id=\"1215134\" data-element_type=\"column\" data-e-type=\"column\">\n\t\t\t<div class=\"elementor-widget-wrap elementor-element-populated\">\n\t\t\t\t\t\t<div class=\"elementor-element elementor-element-b2ba42d elementor-widget elementor-widget-spacer\" data-id=\"b2ba42d\" data-element_type=\"widget\" data-e-type=\"widget\" data-widget_type=\"spacer.default\">\n\t\t\t\t<div class=\"elementor-widget-container\">\n\t\t\t\t\t\t\t<div class=\"elementor-spacer\">\n\t\t\t<div class=\"elementor-spacer-inner\"><\/div>\n\t\t<\/div>\n\t\t\t\t\t\t<\/div>\n\t\t\t\t<\/div>\n\t\t\t\t<div class=\"elementor-element elementor-element-73e4115 elementor-widget elementor-widget-text-editor\" data-id=\"73e4115\" data-element_type=\"widget\" data-e-type=\"widget\" data-widget_type=\"text-editor.default\">\n\t\t\t\t<div class=\"elementor-widget-container\">\n\t\t\t\t\t\t\t\t\t<div>L&rsquo;initiative \u00a0\u00bbMa\u00a0Voix,\u00a0Mon\u00a0Visage\u00a0\u00bb\u00a0 est un\u00a0programme de com\u00e9die musicale qui vise \u00e0 accro\u00eetre les comp\u00e9tences des jeunes adolescents (12 \u00e0 17 ans) \u00e0 communiquer\u00a0en fran\u00e7ais par l&rsquo;expression vocale et corporelle en utilisant les chansons des artistes francophones. L&rsquo;initiative regroupera\u00a0 des jeunes adolescents francophones et repr\u00e9sentatifs de la diversit\u00e9 culturelle des r\u00e9gions de Peel et de Halton.<\/div><div>\u00a0<\/div><div>Ce nouveau programme du CCF permettra \u00e9galement aux participants de d\u00e9couvrir et de se familiariser avec les diff\u00e9rentes notions et techniques dans les domaines suivants:\u00a0th\u00e9\u00e2tre, chant, musique, danse traditionnelle africaine, Jeux de r\u00f4le devant la cam\u00e9ra,\u00a0etc.<\/div>\t\t\t\t\t\t\t\t<\/div>\n\t\t\t\t<\/div>\n\t\t\t\t<div class=\"elementor-element elementor-element-0660da0 elementor-hidden-mobile elementor-widget elementor-widget-spacer\" data-id=\"0660da0\" data-element_type=\"widget\" data-e-type=\"widget\" data-widget_type=\"spacer.default\">\n\t\t\t\t<div class=\"elementor-widget-container\">\n\t\t\t\t\t\t\t<div class=\"elementor-spacer\">\n\t\t\t<div class=\"elementor-spacer-inner\"><\/div>\n\t\t<\/div>\n\t\t\t\t\t\t<\/div>\n\t\t\t\t<\/div>\n\t\t\t\t<div class=\"elementor-element elementor-element-1ac4b1f elementor-align-center elementor-mobile-align-center elementor-widget elementor-widget-button\" data-id=\"1ac4b1f\" data-element_type=\"widget\" data-e-type=\"widget\" data-settings=\"{&quot;_animation&quot;:&quot;none&quot;,&quot;_animation_mobile&quot;:&quot;fadeIn&quot;}\" data-widget_type=\"button.default\">\n\t\t\t\t<div class=\"elementor-widget-container\">\n\t\t\t\t\t\t\t\t\t<div class=\"elementor-button-wrapper\">\n\t\t\t\t\t<a class=\"elementor-button elementor-button-link elementor-size-sm elementor-animation-shrink\" href=\"https:\/\/docs.google.com\/forms\/d\/e\/1FAIpQLSe7qakvwin-QETj9e9vEs0vJuwVvfWO9OvKxk5ZCMsA9dlhMg\/viewform\" target=\"_blank\">\n\t\t\t\t\t\t<span class=\"elementor-button-content-wrapper\">\n\t\t\t\t\t\t\t\t\t<span class=\"elementor-button-text\">Inscrivez-vous et votre famille<\/span>\n\t\t\t\t\t<\/span>\n\t\t\t\t\t<\/a>\n\t\t\t\t<\/div>\n\t\t\t\t\t\t\t\t<\/div>\n\t\t\t\t<\/div>\n\t\t\t\t\t<\/div>\n\t\t<\/div>\n\t\t\t\t<div class=\"elementor-column elementor-col-33 elementor-top-column elementor-element elementor-element-262f5a5\" data-id=\"262f5a5\" data-element_type=\"column\" data-e-type=\"column\">\n\t\t\t<div class=\"elementor-widget-wrap elementor-element-populated\">\n\t\t\t\t\t\t<div class=\"elementor-element elementor-element-f859046 elementor-hidden-desktop elementor-widget elementor-widget-spacer\" data-id=\"f859046\" data-element_type=\"widget\" data-e-type=\"widget\" data-widget_type=\"spacer.default\">\n\t\t\t\t<div class=\"elementor-widget-container\">\n\t\t\t\t\t\t\t<div class=\"elementor-spacer\">\n\t\t\t<div class=\"elementor-spacer-inner\"><\/div>\n\t\t<\/div>\n\t\t\t\t\t\t<\/div>\n\t\t\t\t<\/div>\n\t\t\t\t\t<\/div>\n\t\t<\/div>\n\t\t\t\t<div class=\"elementor-column elementor-col-33 elementor-top-column elementor-element elementor-element-cdf20c7\" data-id=\"cdf20c7\" data-element_type=\"column\" data-e-type=\"column\">\n\t\t\t<div class=\"elementor-widget-wrap elementor-element-populated\">\n\t\t\t\t\t\t<div class=\"elementor-element elementor-element-c98bafa elementor-widget elementor-widget-image\" data-id=\"c98bafa\" data-element_type=\"widget\" data-e-type=\"widget\" data-widget_type=\"image.default\">\n\t\t\t\t<div class=\"elementor-widget-container\">\n\t\t\t\t\t\t\t\t\t\t\t\t\t\t\t\t<a href=\"https:\/\/centrecanadiendelafamille.ca\/wp-content\/uploads\/2021\/09\/De\u0301bat-Exprime-toi.pdf\">\n\t\t\t\t\t\t\t<img fetchpriority=\"high\" decoding=\"async\" width=\"724\" height=\"1024\" src=\"https:\/\/centrecanadiendelafamille.ca\/wp-content\/uploads\/2022\/10\/A3-724x1024.png\" class=\"attachment-large size-large wp-image-4800\" alt=\"\" srcset=\"https:\/\/centrecanadiendelafamille.ca\/wp-content\/uploads\/2022\/10\/A3-724x1024.png 724w, https:\/\/centrecanadiendelafamille.ca\/wp-content\/uploads\/2022\/10\/A3-212x300.png 212w, https:\/\/centrecanadiendelafamille.ca\/wp-content\/uploads\/2022\/10\/A3-768x1086.png 768w, https:\/\/centrecanadiendelafamille.ca\/wp-content\/uploads\/2022\/10\/A3-1086x1536.png 1086w, https:\/\/centrecanadiendelafamille.ca\/wp-content\/uploads\/2022\/10\/A3-1448x2048.png 1448w, https:\/\/centrecanadiendelafamille.ca\/wp-content\/uploads\/2022\/10\/A3-8x12.png 8w\" sizes=\"(max-width: 724px) 100vw, 724px\" \/>\t\t\t\t\t\t\t\t<\/a>\n\t\t\t\t\t\t\t\t\t\t\t\t\t\t\t<\/div>\n\t\t\t\t<\/div>\n\t\t\t\t\t<\/div>\n\t\t<\/div>\n\t\t\t\t\t<\/div>\n\t\t<\/section>\n\t\t\t\t<section class=\"elementor-section elementor-top-section elementor-element elementor-element-459ea00 elementor-section-boxed elementor-section-height-default elementor-section-height-default\" data-id=\"459ea00\" data-element_type=\"section\" data-e-type=\"section\">\n\t\t\t\t\t\t<div class=\"elementor-container elementor-column-gap-default\">\n\t\t\t\t\t<div class=\"elementor-column elementor-col-100 elementor-top-column elementor-element elementor-element-f6aad66\" data-id=\"f6aad66\" data-element_type=\"column\" data-e-type=\"column\">\n\t\t\t<div class=\"elementor-widget-wrap elementor-element-populated\">\n\t\t\t\t\t\t<div class=\"elementor-element elementor-element-84bafe1 elementor-widget elementor-widget-spacer\" data-id=\"84bafe1\" data-element_type=\"widget\" data-e-type=\"widget\" data-widget_type=\"spacer.default\">\n\t\t\t\t<div class=\"elementor-widget-container\">\n\t\t\t\t\t\t\t<div class=\"elementor-spacer\">\n\t\t\t<div class=\"elementor-spacer-inner\"><\/div>\n\t\t<\/div>\n\t\t\t\t\t\t<\/div>\n\t\t\t\t<\/div>\n\t\t\t\t\t<\/div>\n\t\t<\/div>\n\t\t\t\t\t<\/div>\n\t\t<\/section>\n\t\t\t\t<\/div>","protected":false},"excerpt":{"rendered":"<p>L&rsquo;initiative \u00a0\u00bbMa\u00a0Voix,\u00a0Mon\u00a0Visage\u00a0\u00bb\u00a0 est un\u00a0programme de com\u00e9die musicale qui vise \u00e0 accro\u00eetre les comp\u00e9tences des jeunes adolescents (12 \u00e0 17 ans) \u00e0 communiquer\u00a0en fran\u00e7ais par l&rsquo;expression vocale et corporelle en utilisant les chansons des artistes francophones. L&rsquo;initiative regroupera\u00a0 des jeunes adolescents francophones et repr\u00e9sentatifs de la diversit\u00e9 culturelle des r\u00e9gions de Peel et de Halton.\u00a0Ce nouveau&#8230;<\/p>","protected":false},"author":1,"featured_media":0,"parent":0,"menu_order":0,"comment_status":"closed","ping_status":"closed","template":"","meta":{"footnotes":""},"class_list":["post-4796","page","type-page","status-publish","hentry"],"yoast_head":"<!-- This site is optimized with the Yoast SEO plugin v27.5 - https:\/\/yoast.com\/product\/yoast-seo-wordpress\/ -->\n<title>\u00ab Ma voix, mon visage \u00bb - Centre canadien pour l&#039;unit&eacute; de la famille<\/title>\n<meta name=\"robots\" content=\"index, follow, max-snippet:-1, max-image-preview:large, max-video-preview:-1\" \/>\n<link rel=\"canonical\" href=\"https:\/\/centrecanadiendelafamille.ca\/en\/ma-voix-mon-visage\/\" \/>\n<meta property=\"og:locale\" content=\"en_US\" \/>\n<meta property=\"og:type\" content=\"article\" \/>\n<meta property=\"og:title\" content=\"\u00ab Ma voix, mon visage \u00bb - Centre canadien pour l&#039;unit&eacute; de la famille\" \/>\n<meta property=\"og:description\" content=\"L&rsquo;initiative \u00a0\u00bbMa\u00a0Voix,\u00a0Mon\u00a0Visage\u00a0\u00bb\u00a0 est un\u00a0programme de com\u00e9die musicale qui vise \u00e0 accro\u00eetre les comp\u00e9tences des jeunes adolescents (12 \u00e0 17 ans) \u00e0 communiquer\u00a0en fran\u00e7ais par l&rsquo;expression vocale et corporelle en utilisant les chansons des artistes francophones. L&rsquo;initiative regroupera\u00a0 des jeunes adolescents francophones et repr\u00e9sentatifs de la diversit\u00e9 culturelle des r\u00e9gions de Peel et de Halton.\u00a0Ce nouveau...\" \/>\n<meta property=\"og:url\" content=\"https:\/\/centrecanadiendelafamille.ca\/en\/ma-voix-mon-visage\/\" \/>\n<meta property=\"og:site_name\" content=\"Centre canadien pour l&#039;unit&eacute; de la famille\" \/>\n<meta property=\"article:modified_time\" content=\"2022-10-28T14:33:15+00:00\" \/>\n<meta property=\"og:image\" content=\"https:\/\/centrecanadiendelafamille.ca\/wp-content\/uploads\/2022\/10\/A3-724x1024.png\" \/>\n<meta name=\"twitter:card\" content=\"summary_large_image\" \/>\n<meta name=\"twitter:label1\" content=\"Est. reading time\" \/>\n\t<meta name=\"twitter:data1\" content=\"1 minute\" \/>\n<script type=\"application\/ld+json\" class=\"yoast-schema-graph\">{\"@context\":\"https:\\\/\\\/schema.org\",\"@graph\":[{\"@type\":\"WebPage\",\"@id\":\"https:\\\/\\\/centrecanadiendelafamille.ca\\\/ma-voix-mon-visage\\\/\",\"url\":\"https:\\\/\\\/centrecanadiendelafamille.ca\\\/ma-voix-mon-visage\\\/\",\"name\":\"\u00ab Ma voix, mon visage \u00bb - Centre canadien pour l'unit&eacute; de la famille\",\"isPartOf\":{\"@id\":\"https:\\\/\\\/centrecanadiendelafamille.ca\\\/#website\"},\"primaryImageOfPage\":{\"@id\":\"https:\\\/\\\/centrecanadiendelafamille.ca\\\/ma-voix-mon-visage\\\/#primaryimage\"},\"image\":{\"@id\":\"https:\\\/\\\/centrecanadiendelafamille.ca\\\/ma-voix-mon-visage\\\/#primaryimage\"},\"thumbnailUrl\":\"https:\\\/\\\/centrecanadiendelafamille.ca\\\/wp-content\\\/uploads\\\/2022\\\/10\\\/A3-724x1024.png\",\"datePublished\":\"2022-10-28T14:24:30+00:00\",\"dateModified\":\"2022-10-28T14:33:15+00:00\",\"breadcrumb\":{\"@id\":\"https:\\\/\\\/centrecanadiendelafamille.ca\\\/ma-voix-mon-visage\\\/#breadcrumb\"},\"inLanguage\":\"en-US\",\"potentialAction\":[{\"@type\":\"ReadAction\",\"target\":[\"https:\\\/\\\/centrecanadiendelafamille.ca\\\/ma-voix-mon-visage\\\/\"]}]},{\"@type\":\"ImageObject\",\"inLanguage\":\"en-US\",\"@id\":\"https:\\\/\\\/centrecanadiendelafamille.ca\\\/ma-voix-mon-visage\\\/#primaryimage\",\"url\":\"https:\\\/\\\/centrecanadiendelafamille.ca\\\/wp-content\\\/uploads\\\/2022\\\/10\\\/A3-724x1024.png\",\"contentUrl\":\"https:\\\/\\\/centrecanadiendelafamille.ca\\\/wp-content\\\/uploads\\\/2022\\\/10\\\/A3-724x1024.png\"},{\"@type\":\"BreadcrumbList\",\"@id\":\"https:\\\/\\\/centrecanadiendelafamille.ca\\\/ma-voix-mon-visage\\\/#breadcrumb\",\"itemListElement\":[{\"@type\":\"ListItem\",\"position\":1,\"name\":\"Home\",\"item\":\"https:\\\/\\\/centrecanadiendelafamille.ca\\\/\"},{\"@type\":\"ListItem\",\"position\":2,\"name\":\"\u00ab Ma voix, mon visage \u00bb\"}]},{\"@type\":\"WebSite\",\"@id\":\"https:\\\/\\\/centrecanadiendelafamille.ca\\\/#website\",\"url\":\"https:\\\/\\\/centrecanadiendelafamille.ca\\\/\",\"name\":\"Centre canadien pour l'unit&eacute; de la famille\",\"description\":\"Pour notre bien-&ecirc;tre\",\"publisher\":{\"@id\":\"https:\\\/\\\/centrecanadiendelafamille.ca\\\/#organization\"},\"potentialAction\":[{\"@type\":\"SearchAction\",\"target\":{\"@type\":\"EntryPoint\",\"urlTemplate\":\"https:\\\/\\\/centrecanadiendelafamille.ca\\\/?s={search_term_string}\"},\"query-input\":{\"@type\":\"PropertyValueSpecification\",\"valueRequired\":true,\"valueName\":\"search_term_string\"}}],\"inLanguage\":\"en-US\"},{\"@type\":\"Organization\",\"@id\":\"https:\\\/\\\/centrecanadiendelafamille.ca\\\/#organization\",\"name\":\"Centre canadien pour l'unit&eacute; de la famille\",\"url\":\"https:\\\/\\\/centrecanadiendelafamille.ca\\\/\",\"logo\":{\"@type\":\"ImageObject\",\"inLanguage\":\"en-US\",\"@id\":\"https:\\\/\\\/centrecanadiendelafamille.ca\\\/#\\\/schema\\\/logo\\\/image\\\/\",\"url\":\"https:\\\/\\\/centrecanadiendelafamille.ca\\\/wp-content\\\/uploads\\\/2021\\\/04\\\/cropped-CCF20-LOGO_FINAL.jpg\",\"contentUrl\":\"https:\\\/\\\/centrecanadiendelafamille.ca\\\/wp-content\\\/uploads\\\/2021\\\/04\\\/cropped-CCF20-LOGO_FINAL.jpg\",\"width\":747,\"height\":290,\"caption\":\"Centre canadien pour l'unit&eacute; de la famille\"},\"image\":{\"@id\":\"https:\\\/\\\/centrecanadiendelafamille.ca\\\/#\\\/schema\\\/logo\\\/image\\\/\"}}]}<\/script>\n<!-- \/ Yoast SEO plugin. -->","yoast_head_json":{"title":"\u00ab Ma voix, mon visage \u00bb - Centre canadien pour l'unit&eacute; de la famille","robots":{"index":"index","follow":"follow","max-snippet":"max-snippet:-1","max-image-preview":"max-image-preview:large","max-video-preview":"max-video-preview:-1"},"canonical":"https:\/\/centrecanadiendelafamille.ca\/en\/ma-voix-mon-visage\/","og_locale":"en_US","og_type":"article","og_title":"\u00ab Ma voix, mon visage \u00bb - Centre canadien pour l'unit&eacute; de la famille","og_description":"L&rsquo;initiative \u00a0\u00bbMa\u00a0Voix,\u00a0Mon\u00a0Visage\u00a0\u00bb\u00a0 est un\u00a0programme de com\u00e9die musicale qui vise \u00e0 accro\u00eetre les comp\u00e9tences des jeunes adolescents (12 \u00e0 17 ans) \u00e0 communiquer\u00a0en fran\u00e7ais par l&rsquo;expression vocale et corporelle en utilisant les chansons des artistes francophones. L&rsquo;initiative regroupera\u00a0 des jeunes adolescents francophones et repr\u00e9sentatifs de la diversit\u00e9 culturelle des r\u00e9gions de Peel et de Halton.\u00a0Ce nouveau...","og_url":"https:\/\/centrecanadiendelafamille.ca\/en\/ma-voix-mon-visage\/","og_site_name":"Centre canadien pour l'unit&eacute; de la famille","article_modified_time":"2022-10-28T14:33:15+00:00","og_image":[{"url":"https:\/\/centrecanadiendelafamille.ca\/wp-content\/uploads\/2022\/10\/A3-724x1024.png","type":"","width":"","height":""}],"twitter_card":"summary_large_image","twitter_misc":{"Est. reading time":"1 minute"},"schema":{"@context":"https:\/\/schema.org","@graph":[{"@type":"WebPage","@id":"https:\/\/centrecanadiendelafamille.ca\/ma-voix-mon-visage\/","url":"https:\/\/centrecanadiendelafamille.ca\/ma-voix-mon-visage\/","name":"\u00ab Ma voix, mon visage \u00bb - Centre canadien pour l'unit&eacute; de la famille","isPartOf":{"@id":"https:\/\/centrecanadiendelafamille.ca\/#website"},"primaryImageOfPage":{"@id":"https:\/\/centrecanadiendelafamille.ca\/ma-voix-mon-visage\/#primaryimage"},"image":{"@id":"https:\/\/centrecanadiendelafamille.ca\/ma-voix-mon-visage\/#primaryimage"},"thumbnailUrl":"https:\/\/centrecanadiendelafamille.ca\/wp-content\/uploads\/2022\/10\/A3-724x1024.png","datePublished":"2022-10-28T14:24:30+00:00","dateModified":"2022-10-28T14:33:15+00:00","breadcrumb":{"@id":"https:\/\/centrecanadiendelafamille.ca\/ma-voix-mon-visage\/#breadcrumb"},"inLanguage":"en-US","potentialAction":[{"@type":"ReadAction","target":["https:\/\/centrecanadiendelafamille.ca\/ma-voix-mon-visage\/"]}]},{"@type":"ImageObject","inLanguage":"en-US","@id":"https:\/\/centrecanadiendelafamille.ca\/ma-voix-mon-visage\/#primaryimage","url":"https:\/\/centrecanadiendelafamille.ca\/wp-content\/uploads\/2022\/10\/A3-724x1024.png","contentUrl":"https:\/\/centrecanadiendelafamille.ca\/wp-content\/uploads\/2022\/10\/A3-724x1024.png"},{"@type":"BreadcrumbList","@id":"https:\/\/centrecanadiendelafamille.ca\/ma-voix-mon-visage\/#breadcrumb","itemListElement":[{"@type":"ListItem","position":1,"name":"Home","item":"https:\/\/centrecanadiendelafamille.ca\/"},{"@type":"ListItem","position":2,"name":"\u00ab Ma voix, mon visage \u00bb"}]},{"@type":"WebSite","@id":"https:\/\/centrecanadiendelafamille.ca\/#website","url":"https:\/\/centrecanadiendelafamille.ca\/","name":"Centre canadien pour l'unit&eacute; de la famille","description":"Pour notre bien-&ecirc;tre","publisher":{"@id":"https:\/\/centrecanadiendelafamille.ca\/#organization"},"potentialAction":[{"@type":"SearchAction","target":{"@type":"EntryPoint","urlTemplate":"https:\/\/centrecanadiendelafamille.ca\/?s={search_term_string}"},"query-input":{"@type":"PropertyValueSpecification","valueRequired":true,"valueName":"search_term_string"}}],"inLanguage":"en-US"},{"@type":"Organization","@id":"https:\/\/centrecanadiendelafamille.ca\/#organization","name":"Centre canadien pour l'unit&eacute; de la famille","url":"https:\/\/centrecanadiendelafamille.ca\/","logo":{"@type":"ImageObject","inLanguage":"en-US","@id":"https:\/\/centrecanadiendelafamille.ca\/#\/schema\/logo\/image\/","url":"https:\/\/centrecanadiendelafamille.ca\/wp-content\/uploads\/2021\/04\/cropped-CCF20-LOGO_FINAL.jpg","contentUrl":"https:\/\/centrecanadiendelafamille.ca\/wp-content\/uploads\/2021\/04\/cropped-CCF20-LOGO_FINAL.jpg","width":747,"height":290,"caption":"Centre canadien pour l'unit&eacute; de la famille"},"image":{"@id":"https:\/\/centrecanadiendelafamille.ca\/#\/schema\/logo\/image\/"}}]}},"_links":{"self":[{"href":"https:\/\/centrecanadiendelafamille.ca\/en\/wp-json\/wp\/v2\/pages\/4796","targetHints":{"allow":["GET"]}}],"collection":[{"href":"https:\/\/centrecanadiendelafamille.ca\/en\/wp-json\/wp\/v2\/pages"}],"about":[{"href":"https:\/\/centrecanadiendelafamille.ca\/en\/wp-json\/wp\/v2\/types\/page"}],"author":[{"embeddable":true,"href":"https:\/\/centrecanadiendelafamille.ca\/en\/wp-json\/wp\/v2\/users\/1"}],"replies":[{"embeddable":true,"href":"https:\/\/centrecanadiendelafamille.ca\/en\/wp-json\/wp\/v2\/comments?post=4796"}],"version-history":[{"count":7,"href":"https:\/\/centrecanadiendelafamille.ca\/en\/wp-json\/wp\/v2\/pages\/4796\/revisions"}],"predecessor-version":[{"id":4806,"href":"https:\/\/centrecanadiendelafamille.ca\/en\/wp-json\/wp\/v2\/pages\/4796\/revisions\/4806"}],"wp:attachment":[{"href":"https:\/\/centrecanadiendelafamille.ca\/en\/wp-json\/wp\/v2\/media?parent=4796"}],"curies":[{"name":"wp","href":"https:\/\/api.w.org\/{rel}","templated":true}]}}