{"id":4745,"date":"2022-09-20T04:39:04","date_gmt":"2022-09-20T04:39:04","guid":{"rendered":"https:\/\/centrecanadiendelafamille.ca\/?page_id=4745"},"modified":"2022-09-26T04:29:10","modified_gmt":"2022-09-26T04:29:10","slug":"notre-sante-en-francais","status":"publish","type":"page","link":"https:\/\/centrecanadiendelafamille.ca\/en\/notre-sante-en-francais\/","title":{"rendered":"Notre sant\u00e9 en fran\u00e7ais"},"content":{"rendered":"<div data-elementor-type=\"wp-page\" data-elementor-id=\"4745\" class=\"elementor elementor-4745\" data-elementor-post-type=\"page\">\n\t\t\t\t\t\t<section class=\"elementor-section elementor-top-section elementor-element elementor-element-135d03ae elementor-section-boxed elementor-section-height-default elementor-section-height-default\" data-id=\"135d03ae\" data-element_type=\"section\" data-e-type=\"section\" data-settings=\"{&quot;background_background&quot;:&quot;classic&quot;}\">\n\t\t\t\t\t\t\t<div class=\"elementor-background-overlay\"><\/div>\n\t\t\t\t\t\t\t<div class=\"elementor-container elementor-column-gap-default\">\n\t\t\t\t\t<div class=\"elementor-column elementor-col-33 elementor-top-column elementor-element elementor-element-8000d0b elementor-hidden-phone\" data-id=\"8000d0b\" data-element_type=\"column\" data-e-type=\"column\">\n\t\t\t<div class=\"elementor-widget-wrap elementor-element-populated\">\n\t\t\t\t\t\t<div class=\"elementor-element elementor-element-8deb15f elementor-widget-divider--view-line elementor-widget elementor-widget-divider\" data-id=\"8deb15f\" data-element_type=\"widget\" data-e-type=\"widget\" data-widget_type=\"divider.default\">\n\t\t\t\t<div class=\"elementor-widget-container\">\n\t\t\t\t\t\t\t<div class=\"elementor-divider\">\n\t\t\t<span class=\"elementor-divider-separator\">\n\t\t\t\t\t\t<\/span>\n\t\t<\/div>\n\t\t\t\t\t\t<\/div>\n\t\t\t\t<\/div>\n\t\t\t\t\t<\/div>\n\t\t<\/div>\n\t\t\t\t<div class=\"elementor-column elementor-col-33 elementor-top-column elementor-element elementor-element-281377cb\" data-id=\"281377cb\" data-element_type=\"column\" data-e-type=\"column\">\n\t\t\t<div class=\"elementor-widget-wrap elementor-element-populated\">\n\t\t\t\t\t\t<div class=\"elementor-element elementor-element-11c53b71 elementor-widget elementor-widget-heading\" data-id=\"11c53b71\" data-element_type=\"widget\" data-e-type=\"widget\" data-widget_type=\"heading.default\">\n\t\t\t\t<div class=\"elementor-widget-container\">\n\t\t\t\t\t<h2 class=\"elementor-heading-title elementor-size-default\">Notre sant\u00e9, en fran\u00e7ais !<\/h2>\t\t\t\t<\/div>\n\t\t\t\t<\/div>\n\t\t\t\t\t<\/div>\n\t\t<\/div>\n\t\t\t\t<div class=\"elementor-column elementor-col-33 elementor-top-column elementor-element elementor-element-dab520d elementor-hidden-phone\" data-id=\"dab520d\" data-element_type=\"column\" data-e-type=\"column\">\n\t\t\t<div class=\"elementor-widget-wrap elementor-element-populated\">\n\t\t\t\t\t\t<div class=\"elementor-element elementor-element-285457a elementor-widget-divider--view-line elementor-widget elementor-widget-divider\" data-id=\"285457a\" data-element_type=\"widget\" data-e-type=\"widget\" data-widget_type=\"divider.default\">\n\t\t\t\t<div class=\"elementor-widget-container\">\n\t\t\t\t\t\t\t<div class=\"elementor-divider\">\n\t\t\t<span class=\"elementor-divider-separator\">\n\t\t\t\t\t\t<\/span>\n\t\t<\/div>\n\t\t\t\t\t\t<\/div>\n\t\t\t\t<\/div>\n\t\t\t\t\t<\/div>\n\t\t<\/div>\n\t\t\t\t\t<\/div>\n\t\t<\/section>\n\t\t\t\t<section class=\"elementor-section elementor-top-section elementor-element elementor-element-3795e80 elementor-section-boxed elementor-section-height-default elementor-section-height-default\" data-id=\"3795e80\" data-element_type=\"section\" data-e-type=\"section\">\n\t\t\t\t\t\t<div class=\"elementor-container elementor-column-gap-default\">\n\t\t\t\t\t<div class=\"elementor-column elementor-col-100 elementor-top-column elementor-element elementor-element-eafdb38\" data-id=\"eafdb38\" data-element_type=\"column\" data-e-type=\"column\">\n\t\t\t<div class=\"elementor-widget-wrap elementor-element-populated\">\n\t\t\t\t\t\t<div class=\"elementor-element elementor-element-1c05a7c elementor-widget elementor-widget-heading\" data-id=\"1c05a7c\" data-element_type=\"widget\" data-e-type=\"widget\" data-widget_type=\"heading.default\">\n\t\t\t\t<div class=\"elementor-widget-container\">\n\t\t\t\t\t<h2 class=\"elementor-heading-title elementor-size-default\">Acc\u00e9dez \u00e0 la liste des services de sant\u00e9 en fran\u00e7ais.<\/h2>\t\t\t\t<\/div>\n\t\t\t\t<\/div>\n\t\t\t\t\t<\/div>\n\t\t<\/div>\n\t\t\t\t\t<\/div>\n\t\t<\/section>\n\t\t\t\t<section class=\"elementor-section elementor-top-section elementor-element elementor-element-73cae90 elementor-section-boxed elementor-section-height-default elementor-section-height-default\" data-id=\"73cae90\" data-element_type=\"section\" data-e-type=\"section\">\n\t\t\t\t\t\t<div class=\"elementor-container elementor-column-gap-default\">\n\t\t\t\t\t<div class=\"elementor-column elementor-col-33 elementor-top-column elementor-element elementor-element-abc2789\" data-id=\"abc2789\" data-element_type=\"column\" data-e-type=\"column\">\n\t\t\t<div class=\"elementor-widget-wrap\">\n\t\t\t\t\t\t\t<\/div>\n\t\t<\/div>\n\t\t\t\t<div class=\"elementor-column elementor-col-33 elementor-top-column elementor-element elementor-element-3495c58\" data-id=\"3495c58\" data-element_type=\"column\" data-e-type=\"column\">\n\t\t\t<div class=\"elementor-widget-wrap\">\n\t\t\t\t\t\t\t<\/div>\n\t\t<\/div>\n\t\t\t\t<div class=\"elementor-column elementor-col-33 elementor-top-column elementor-element elementor-element-f0c7273\" data-id=\"f0c7273\" data-element_type=\"column\" data-e-type=\"column\">\n\t\t\t<div class=\"elementor-widget-wrap\">\n\t\t\t\t\t\t\t<\/div>\n\t\t<\/div>\n\t\t\t\t\t<\/div>\n\t\t<\/section>\n\t\t\t\t<section class=\"elementor-section elementor-top-section elementor-element elementor-element-091e15a elementor-section-boxed elementor-section-height-default elementor-section-height-default\" data-id=\"091e15a\" data-element_type=\"section\" data-e-type=\"section\">\n\t\t\t\t\t\t<div class=\"elementor-container elementor-column-gap-default\">\n\t\t\t\t\t<div class=\"elementor-column elementor-col-100 elementor-top-column elementor-element elementor-element-8550f96\" data-id=\"8550f96\" data-element_type=\"column\" data-e-type=\"column\">\n\t\t\t<div class=\"elementor-widget-wrap elementor-element-populated\">\n\t\t\t\t\t\t<div class=\"elementor-element elementor-element-6ff842e elementor-widget elementor-widget-spacer\" data-id=\"6ff842e\" data-element_type=\"widget\" data-e-type=\"widget\" data-widget_type=\"spacer.default\">\n\t\t\t\t<div class=\"elementor-widget-container\">\n\t\t\t\t\t\t\t<div class=\"elementor-spacer\">\n\t\t\t<div class=\"elementor-spacer-inner\"><\/div>\n\t\t<\/div>\n\t\t\t\t\t\t<\/div>\n\t\t\t\t<\/div>\n\t\t\t\t\t<\/div>\n\t\t<\/div>\n\t\t\t\t\t<\/div>\n\t\t<\/section>\n\t\t\t\t<section class=\"elementor-section elementor-top-section elementor-element elementor-element-c97ceaa elementor-section-boxed elementor-section-height-default elementor-section-height-default\" data-id=\"c97ceaa\" data-element_type=\"section\" data-e-type=\"section\">\n\t\t\t\t\t\t<div class=\"elementor-container elementor-column-gap-default\">\n\t\t\t\t\t<div class=\"elementor-column elementor-col-100 elementor-top-column elementor-element elementor-element-2970da0\" data-id=\"2970da0\" data-element_type=\"column\" data-e-type=\"column\">\n\t\t\t<div class=\"elementor-widget-wrap elementor-element-populated\">\n\t\t\t\t\t\t<div class=\"elementor-element elementor-element-378fa53 elementor-widget elementor-widget-heading\" data-id=\"378fa53\" data-element_type=\"widget\" data-e-type=\"widget\" data-widget_type=\"heading.default\">\n\t\t\t\t<div class=\"elementor-widget-container\">\n\t\t\t\t\t<h2 class=\"elementor-heading-title elementor-size-default\">Une initiative de:<\/h2>\t\t\t\t<\/div>\n\t\t\t\t<\/div>\n\t\t\t\t\t<\/div>\n\t\t<\/div>\n\t\t\t\t\t<\/div>\n\t\t<\/section>\n\t\t\t\t<section class=\"elementor-section elementor-top-section elementor-element elementor-element-55b007d elementor-section-boxed elementor-section-height-default elementor-section-height-default\" data-id=\"55b007d\" data-element_type=\"section\" data-e-type=\"section\">\n\t\t\t\t\t\t<div class=\"elementor-container elementor-column-gap-default\">\n\t\t\t\t\t<div class=\"elementor-column elementor-col-33 elementor-top-column elementor-element elementor-element-dd350eb\" data-id=\"dd350eb\" data-element_type=\"column\" data-e-type=\"column\">\n\t\t\t<div class=\"elementor-widget-wrap\">\n\t\t\t\t\t\t\t<\/div>\n\t\t<\/div>\n\t\t\t\t<div class=\"elementor-column elementor-col-33 elementor-top-column elementor-element elementor-element-909dafb\" data-id=\"909dafb\" data-element_type=\"column\" data-e-type=\"column\">\n\t\t\t<div class=\"elementor-widget-wrap elementor-element-populated\">\n\t\t\t\t\t\t<div class=\"elementor-element elementor-element-7beab63 elementor-widget elementor-widget-image\" data-id=\"7beab63\" data-element_type=\"widget\" data-e-type=\"widget\" data-widget_type=\"image.default\">\n\t\t\t\t<div class=\"elementor-widget-container\">\n\t\t\t\t\t\t\t\t\t\t\t\t\t\t\t\t<a href=\"http:\/\/entite3.ca\/\" target=\"_blank\">\n\t\t\t\t\t\t\t<img fetchpriority=\"high\" decoding=\"async\" width=\"350\" height=\"150\" src=\"https:\/\/centrecanadiendelafamille.ca\/wp-content\/uploads\/2021\/08\/Entite\u0301-3-Logo.png\" class=\"attachment-full size-full wp-image-2294\" alt=\"\" srcset=\"https:\/\/centrecanadiendelafamille.ca\/wp-content\/uploads\/2021\/08\/Entite\u0301-3-Logo.png 350w, https:\/\/centrecanadiendelafamille.ca\/wp-content\/uploads\/2021\/08\/Entite\u0301-3-Logo-300x129.png 300w\" sizes=\"(max-width: 350px) 100vw, 350px\" \/>\t\t\t\t\t\t\t\t<\/a>\n\t\t\t\t\t\t\t\t\t\t\t\t\t\t\t<\/div>\n\t\t\t\t<\/div>\n\t\t\t\t\t<\/div>\n\t\t<\/div>\n\t\t\t\t<div class=\"elementor-column elementor-col-33 elementor-top-column elementor-element elementor-element-7169725\" data-id=\"7169725\" data-element_type=\"column\" data-e-type=\"column\">\n\t\t\t<div class=\"elementor-widget-wrap\">\n\t\t\t\t\t\t\t<\/div>\n\t\t<\/div>\n\t\t\t\t\t<\/div>\n\t\t<\/section>\n\t\t\t\t<section class=\"elementor-section elementor-top-section elementor-element elementor-element-459ea00 elementor-section-boxed elementor-section-height-default elementor-section-height-default\" data-id=\"459ea00\" data-element_type=\"section\" data-e-type=\"section\">\n\t\t\t\t\t\t<div class=\"elementor-container elementor-column-gap-default\">\n\t\t\t\t\t<div class=\"elementor-column elementor-col-100 elementor-top-column elementor-element elementor-element-f6aad66\" data-id=\"f6aad66\" data-element_type=\"column\" data-e-type=\"column\">\n\t\t\t<div class=\"elementor-widget-wrap elementor-element-populated\">\n\t\t\t\t\t\t<div class=\"elementor-element elementor-element-84bafe1 elementor-widget elementor-widget-spacer\" data-id=\"84bafe1\" data-element_type=\"widget\" data-e-type=\"widget\" data-widget_type=\"spacer.default\">\n\t\t\t\t<div class=\"elementor-widget-container\">\n\t\t\t\t\t\t\t<div class=\"elementor-spacer\">\n\t\t\t<div class=\"elementor-spacer-inner\"><\/div>\n\t\t<\/div>\n\t\t\t\t\t\t<\/div>\n\t\t\t\t<\/div>\n\t\t\t\t\t<\/div>\n\t\t<\/div>\n\t\t\t\t\t<\/div>\n\t\t<\/section>\n\t\t\t\t<\/div>","protected":false},"excerpt":{"rendered":"<p>Notre sant\u00e9, en fran\u00e7ais ! Acc\u00e9dez \u00e0 la liste des services de sant\u00e9 en fran\u00e7ais. Une initiative de:<\/p>","protected":false},"author":1,"featured_media":0,"parent":0,"menu_order":0,"comment_status":"closed","ping_status":"closed","template":"elementor_header_footer","meta":{"footnotes":""},"class_list":["post-4745","page","type-page","status-publish","hentry"],"yoast_head":"<!-- This site is optimized with the Yoast SEO plugin v27.5 - https:\/\/yoast.com\/product\/yoast-seo-wordpress\/ -->\n<title>Notre sant\u00e9 en fran\u00e7ais - Centre canadien pour l&#039;unit&eacute; de la famille<\/title>\n<meta name=\"robots\" content=\"index, follow, max-snippet:-1, max-image-preview:large, max-video-preview:-1\" \/>\n<link rel=\"canonical\" href=\"https:\/\/centrecanadiendelafamille.ca\/en\/notre-sante-en-francais\/\" \/>\n<meta property=\"og:locale\" content=\"en_US\" \/>\n<meta property=\"og:type\" content=\"article\" \/>\n<meta property=\"og:title\" content=\"Notre sant\u00e9 en fran\u00e7ais - Centre canadien pour l&#039;unit&eacute; de la famille\" \/>\n<meta property=\"og:description\" content=\"Notre sant\u00e9, en fran\u00e7ais ! Acc\u00e9dez \u00e0 la liste des services de sant\u00e9 en fran\u00e7ais. Une initiative de:\" \/>\n<meta property=\"og:url\" content=\"https:\/\/centrecanadiendelafamille.ca\/en\/notre-sante-en-francais\/\" \/>\n<meta property=\"og:site_name\" content=\"Centre canadien pour l&#039;unit&eacute; de la famille\" \/>\n<meta property=\"article:modified_time\" content=\"2022-09-26T04:29:10+00:00\" \/>\n<meta name=\"twitter:card\" content=\"summary_large_image\" \/>\n<meta name=\"twitter:label1\" content=\"Est. reading time\" \/>\n\t<meta name=\"twitter:data1\" content=\"1 minute\" \/>\n<script type=\"application\/ld+json\" class=\"yoast-schema-graph\">{\"@context\":\"https:\\\/\\\/schema.org\",\"@graph\":[{\"@type\":\"WebPage\",\"@id\":\"https:\\\/\\\/centrecanadiendelafamille.ca\\\/notre-sante-en-francais\\\/\",\"url\":\"https:\\\/\\\/centrecanadiendelafamille.ca\\\/notre-sante-en-francais\\\/\",\"name\":\"Notre sant\u00e9 en fran\u00e7ais - Centre canadien pour l'unit&eacute; de la famille\",\"isPartOf\":{\"@id\":\"https:\\\/\\\/centrecanadiendelafamille.ca\\\/#website\"},\"datePublished\":\"2022-09-20T04:39:04+00:00\",\"dateModified\":\"2022-09-26T04:29:10+00:00\",\"breadcrumb\":{\"@id\":\"https:\\\/\\\/centrecanadiendelafamille.ca\\\/notre-sante-en-francais\\\/#breadcrumb\"},\"inLanguage\":\"en-US\",\"potentialAction\":[{\"@type\":\"ReadAction\",\"target\":[\"https:\\\/\\\/centrecanadiendelafamille.ca\\\/notre-sante-en-francais\\\/\"]}]},{\"@type\":\"BreadcrumbList\",\"@id\":\"https:\\\/\\\/centrecanadiendelafamille.ca\\\/notre-sante-en-francais\\\/#breadcrumb\",\"itemListElement\":[{\"@type\":\"ListItem\",\"position\":1,\"name\":\"Home\",\"item\":\"https:\\\/\\\/centrecanadiendelafamille.ca\\\/\"},{\"@type\":\"ListItem\",\"position\":2,\"name\":\"Notre sant\u00e9 en fran\u00e7ais\"}]},{\"@type\":\"WebSite\",\"@id\":\"https:\\\/\\\/centrecanadiendelafamille.ca\\\/#website\",\"url\":\"https:\\\/\\\/centrecanadiendelafamille.ca\\\/\",\"name\":\"Centre canadien pour l'unit&eacute; de la famille\",\"description\":\"Pour notre bien-&ecirc;tre\",\"publisher\":{\"@id\":\"https:\\\/\\\/centrecanadiendelafamille.ca\\\/#organization\"},\"potentialAction\":[{\"@type\":\"SearchAction\",\"target\":{\"@type\":\"EntryPoint\",\"urlTemplate\":\"https:\\\/\\\/centrecanadiendelafamille.ca\\\/?s={search_term_string}\"},\"query-input\":{\"@type\":\"PropertyValueSpecification\",\"valueRequired\":true,\"valueName\":\"search_term_string\"}}],\"inLanguage\":\"en-US\"},{\"@type\":\"Organization\",\"@id\":\"https:\\\/\\\/centrecanadiendelafamille.ca\\\/#organization\",\"name\":\"Centre canadien pour l'unit&eacute; de la famille\",\"url\":\"https:\\\/\\\/centrecanadiendelafamille.ca\\\/\",\"logo\":{\"@type\":\"ImageObject\",\"inLanguage\":\"en-US\",\"@id\":\"https:\\\/\\\/centrecanadiendelafamille.ca\\\/#\\\/schema\\\/logo\\\/image\\\/\",\"url\":\"https:\\\/\\\/centrecanadiendelafamille.ca\\\/wp-content\\\/uploads\\\/2021\\\/04\\\/cropped-CCF20-LOGO_FINAL.jpg\",\"contentUrl\":\"https:\\\/\\\/centrecanadiendelafamille.ca\\\/wp-content\\\/uploads\\\/2021\\\/04\\\/cropped-CCF20-LOGO_FINAL.jpg\",\"width\":747,\"height\":290,\"caption\":\"Centre canadien pour l'unit&eacute; de la famille\"},\"image\":{\"@id\":\"https:\\\/\\\/centrecanadiendelafamille.ca\\\/#\\\/schema\\\/logo\\\/image\\\/\"}}]}<\/script>\n<!-- \/ Yoast SEO plugin. -->","yoast_head_json":{"title":"Notre sant\u00e9 en fran\u00e7ais - Centre canadien pour l'unit&eacute; de la famille","robots":{"index":"index","follow":"follow","max-snippet":"max-snippet:-1","max-image-preview":"max-image-preview:large","max-video-preview":"max-video-preview:-1"},"canonical":"https:\/\/centrecanadiendelafamille.ca\/en\/notre-sante-en-francais\/","og_locale":"en_US","og_type":"article","og_title":"Notre sant\u00e9 en fran\u00e7ais - Centre canadien pour l'unit&eacute; de la famille","og_description":"Notre sant\u00e9, en fran\u00e7ais ! Acc\u00e9dez \u00e0 la liste des services de sant\u00e9 en fran\u00e7ais. Une initiative de:","og_url":"https:\/\/centrecanadiendelafamille.ca\/en\/notre-sante-en-francais\/","og_site_name":"Centre canadien pour l'unit&eacute; de la famille","article_modified_time":"2022-09-26T04:29:10+00:00","twitter_card":"summary_large_image","twitter_misc":{"Est. reading time":"1 minute"},"schema":{"@context":"https:\/\/schema.org","@graph":[{"@type":"WebPage","@id":"https:\/\/centrecanadiendelafamille.ca\/notre-sante-en-francais\/","url":"https:\/\/centrecanadiendelafamille.ca\/notre-sante-en-francais\/","name":"Notre sant\u00e9 en fran\u00e7ais - Centre canadien pour l'unit&eacute; de la famille","isPartOf":{"@id":"https:\/\/centrecanadiendelafamille.ca\/#website"},"datePublished":"2022-09-20T04:39:04+00:00","dateModified":"2022-09-26T04:29:10+00:00","breadcrumb":{"@id":"https:\/\/centrecanadiendelafamille.ca\/notre-sante-en-francais\/#breadcrumb"},"inLanguage":"en-US","potentialAction":[{"@type":"ReadAction","target":["https:\/\/centrecanadiendelafamille.ca\/notre-sante-en-francais\/"]}]},{"@type":"BreadcrumbList","@id":"https:\/\/centrecanadiendelafamille.ca\/notre-sante-en-francais\/#breadcrumb","itemListElement":[{"@type":"ListItem","position":1,"name":"Home","item":"https:\/\/centrecanadiendelafamille.ca\/"},{"@type":"ListItem","position":2,"name":"Notre sant\u00e9 en fran\u00e7ais"}]},{"@type":"WebSite","@id":"https:\/\/centrecanadiendelafamille.ca\/#website","url":"https:\/\/centrecanadiendelafamille.ca\/","name":"Centre canadien pour l'unit&eacute; de la famille","description":"Pour notre bien-&ecirc;tre","publisher":{"@id":"https:\/\/centrecanadiendelafamille.ca\/#organization"},"potentialAction":[{"@type":"SearchAction","target":{"@type":"EntryPoint","urlTemplate":"https:\/\/centrecanadiendelafamille.ca\/?s={search_term_string}"},"query-input":{"@type":"PropertyValueSpecification","valueRequired":true,"valueName":"search_term_string"}}],"inLanguage":"en-US"},{"@type":"Organization","@id":"https:\/\/centrecanadiendelafamille.ca\/#organization","name":"Centre canadien pour l'unit&eacute; de la famille","url":"https:\/\/centrecanadiendelafamille.ca\/","logo":{"@type":"ImageObject","inLanguage":"en-US","@id":"https:\/\/centrecanadiendelafamille.ca\/#\/schema\/logo\/image\/","url":"https:\/\/centrecanadiendelafamille.ca\/wp-content\/uploads\/2021\/04\/cropped-CCF20-LOGO_FINAL.jpg","contentUrl":"https:\/\/centrecanadiendelafamille.ca\/wp-content\/uploads\/2021\/04\/cropped-CCF20-LOGO_FINAL.jpg","width":747,"height":290,"caption":"Centre canadien pour l'unit&eacute; de la famille"},"image":{"@id":"https:\/\/centrecanadiendelafamille.ca\/#\/schema\/logo\/image\/"}}]}},"_links":{"self":[{"href":"https:\/\/centrecanadiendelafamille.ca\/en\/wp-json\/wp\/v2\/pages\/4745","targetHints":{"allow":["GET"]}}],"collection":[{"href":"https:\/\/centrecanadiendelafamille.ca\/en\/wp-json\/wp\/v2\/pages"}],"about":[{"href":"https:\/\/centrecanadiendelafamille.ca\/en\/wp-json\/wp\/v2\/types\/page"}],"author":[{"embeddable":true,"href":"https:\/\/centrecanadiendelafamille.ca\/en\/wp-json\/wp\/v2\/users\/1"}],"replies":[{"embeddable":true,"href":"https:\/\/centrecanadiendelafamille.ca\/en\/wp-json\/wp\/v2\/comments?post=4745"}],"version-history":[{"count":25,"href":"https:\/\/centrecanadiendelafamille.ca\/en\/wp-json\/wp\/v2\/pages\/4745\/revisions"}],"predecessor-version":[{"id":4779,"href":"https:\/\/centrecanadiendelafamille.ca\/en\/wp-json\/wp\/v2\/pages\/4745\/revisions\/4779"}],"wp:attachment":[{"href":"https:\/\/centrecanadiendelafamille.ca\/en\/wp-json\/wp\/v2\/media?parent=4745"}],"curies":[{"name":"wp","href":"https:\/\/api.w.org\/{rel}","templated":true}]}}