{"id":2086,"date":"2021-08-25T23:08:51","date_gmt":"2021-08-25T23:08:51","guid":{"rendered":"https:\/\/centrecanadiendelafamille.ca\/?page_id=2086"},"modified":"2026-02-09T04:59:29","modified_gmt":"2026-02-09T04:59:29","slug":"carrieres","status":"publish","type":"page","link":"https:\/\/centrecanadiendelafamille.ca\/en\/carrieres\/","title":{"rendered":"Carri\u00e8res"},"content":{"rendered":"<div data-elementor-type=\"wp-page\" data-elementor-id=\"2086\" class=\"elementor elementor-2086\" data-elementor-post-type=\"page\">\n\t\t\t\t\t\t<section class=\"elementor-section elementor-top-section elementor-element elementor-element-30b8a061 elementor-section-boxed elementor-section-height-default elementor-section-height-default\" data-id=\"30b8a061\" data-element_type=\"section\" data-e-type=\"section\" data-settings=\"{&quot;background_background&quot;:&quot;classic&quot;}\">\n\t\t\t\t\t\t\t<div class=\"elementor-background-overlay\"><\/div>\n\t\t\t\t\t\t\t<div class=\"elementor-container elementor-column-gap-default\">\n\t\t\t\t\t<div class=\"elementor-column elementor-col-100 elementor-top-column elementor-element elementor-element-5499c1be\" data-id=\"5499c1be\" data-element_type=\"column\" data-e-type=\"column\">\n\t\t\t<div class=\"elementor-widget-wrap elementor-element-populated\">\n\t\t\t\t\t\t<div class=\"elementor-element elementor-element-21919ea7 elementor-widget elementor-widget-heading\" data-id=\"21919ea7\" data-element_type=\"widget\" data-e-type=\"widget\" data-widget_type=\"heading.default\">\n\t\t\t\t<div class=\"elementor-widget-container\">\n\t\t\t\t\t<h2 class=\"elementor-heading-title elementor-size-default\">Carri\u00e8res \/ b\u00e9n\u00e9volat<\/h2>\t\t\t\t<\/div>\n\t\t\t\t<\/div>\n\t\t\t\t\t<\/div>\n\t\t<\/div>\n\t\t\t\t\t<\/div>\n\t\t<\/section>\n\t\t\t\t<section class=\"elementor-section elementor-top-section elementor-element elementor-element-d52466e elementor-section-boxed elementor-section-height-default elementor-section-height-default\" data-id=\"d52466e\" data-element_type=\"section\" data-e-type=\"section\">\n\t\t\t\t\t\t<div class=\"elementor-container elementor-column-gap-default\">\n\t\t\t\t\t<div class=\"elementor-column elementor-col-100 elementor-top-column elementor-element elementor-element-a774961\" data-id=\"a774961\" data-element_type=\"column\" data-e-type=\"column\">\n\t\t\t<div class=\"elementor-widget-wrap elementor-element-populated\">\n\t\t\t\t\t\t<div class=\"elementor-element elementor-element-2a1fea3 elementor-widget elementor-widget-spacer\" data-id=\"2a1fea3\" data-element_type=\"widget\" data-e-type=\"widget\" data-widget_type=\"spacer.default\">\n\t\t\t\t<div class=\"elementor-widget-container\">\n\t\t\t\t\t\t\t<div class=\"elementor-spacer\">\n\t\t\t<div class=\"elementor-spacer-inner\"><\/div>\n\t\t<\/div>\n\t\t\t\t\t\t<\/div>\n\t\t\t\t<\/div>\n\t\t\t\t\t<\/div>\n\t\t<\/div>\n\t\t\t\t\t<\/div>\n\t\t<\/section>\n\t\t\t\t<section class=\"elementor-section elementor-top-section elementor-element elementor-element-1edbfbf elementor-section-boxed elementor-section-height-default elementor-section-height-default\" data-id=\"1edbfbf\" data-element_type=\"section\" data-e-type=\"section\">\n\t\t\t\t\t\t<div class=\"elementor-container elementor-column-gap-default\">\n\t\t\t\t\t<div class=\"elementor-column elementor-col-100 elementor-top-column elementor-element elementor-element-a0dc280\" data-id=\"a0dc280\" data-element_type=\"column\" data-e-type=\"column\">\n\t\t\t<div class=\"elementor-widget-wrap elementor-element-populated\">\n\t\t\t\t\t\t<div class=\"elementor-element elementor-element-96ecca5 elementor-widget elementor-widget-heading\" data-id=\"96ecca5\" data-element_type=\"widget\" data-e-type=\"widget\" data-widget_type=\"heading.default\">\n\t\t\t\t<div class=\"elementor-widget-container\">\n\t\t\t\t\t<h2 class=\"elementor-heading-title elementor-size-default\">OPPORTUNIT\u00c9S D'EMPLOI AU CCF&nbsp;&nbsp; &nbsp; &nbsp; &nbsp; &nbsp; <\/h2>\t\t\t\t<\/div>\n\t\t\t\t<\/div>\n\t\t\t\t\t<\/div>\n\t\t<\/div>\n\t\t\t\t\t<\/div>\n\t\t<\/section>\n\t\t\t\t<section class=\"elementor-section elementor-top-section elementor-element elementor-element-7bbc2f7 elementor-section-boxed elementor-section-height-default elementor-section-height-default\" data-id=\"7bbc2f7\" data-element_type=\"section\" data-e-type=\"section\">\n\t\t\t\t\t\t<div class=\"elementor-container elementor-column-gap-default\">\n\t\t\t\t\t<div class=\"elementor-column elementor-col-100 elementor-top-column elementor-element elementor-element-c0e0c43\" data-id=\"c0e0c43\" data-element_type=\"column\" data-e-type=\"column\">\n\t\t\t<div class=\"elementor-widget-wrap elementor-element-populated\">\n\t\t\t\t\t\t<div class=\"elementor-element elementor-element-9eb666f elementor-widget elementor-widget-text-editor\" data-id=\"9eb666f\" data-element_type=\"widget\" data-e-type=\"widget\" data-widget_type=\"text-editor.default\">\n\t\t\t\t<div class=\"elementor-widget-container\">\n\t\t\t\t\t\t\t\t\t<p>Le Centre canadien pour l&rsquo;unit\u00e9 de la famille propose des placements et des opportunit\u00e9s de b\u00e9n\u00e9volat dans les domaines suivants :<\/p><ul><li><strong><strong>01-02-2026: <\/strong><\/strong><a href=\"https:\/\/centrecanadiendelafamille.ca\/wp-content\/uploads\/2026\/02\/Offre-demploi_Depasse-Toi-1.pdf\">Agent\u00b7e de marketing, communication et m\u00e9dias sociaux\u00a0<\/a><\/li><\/ul><p><em><strong>Pour rejoindre notre \u00e9quipe, veuillez cliquer sur le bouton \u00ab\u00a0Postuler\u00a0\u00bb ci-dessous en nous envoyant votre CV et lettre de motivation. Notre \u00e9quipe reviendra vers vous au plus vite pour les prochaines \u00e9tapes.<\/strong><\/em><\/p><p><em><strong>\u00a0<\/strong><\/em><\/p>\t\t\t\t\t\t\t\t<\/div>\n\t\t\t\t<\/div>\n\t\t\t\t\t<\/div>\n\t\t<\/div>\n\t\t\t\t\t<\/div>\n\t\t<\/section>\n\t\t\t\t<section class=\"elementor-section elementor-top-section elementor-element elementor-element-49d371b elementor-section-boxed elementor-section-height-default elementor-section-height-default\" data-id=\"49d371b\" data-element_type=\"section\" data-e-type=\"section\">\n\t\t\t\t\t\t<div class=\"elementor-container elementor-column-gap-default\">\n\t\t\t\t\t<div class=\"elementor-column elementor-col-100 elementor-top-column elementor-element elementor-element-a78d7a7\" data-id=\"a78d7a7\" data-element_type=\"column\" data-e-type=\"column\">\n\t\t\t<div class=\"elementor-widget-wrap elementor-element-populated\">\n\t\t\t\t\t\t<div class=\"elementor-element elementor-element-49c61c2 elementor-widget elementor-widget-heading\" data-id=\"49c61c2\" data-element_type=\"widget\" data-e-type=\"widget\" data-widget_type=\"heading.default\">\n\t\t\t\t<div class=\"elementor-widget-container\">\n\t\t\t\t\t<h2 class=\"elementor-heading-title elementor-size-default\">B\u00c9N\u00c9VOLAT - OPPORTUNIT\u00c9S DE PLACEMENT AU CCF\u00a0\u00a0 \u00a0 \u00a0 \u00a0 \u00a0 <\/h2>\t\t\t\t<\/div>\n\t\t\t\t<\/div>\n\t\t\t\t\t<\/div>\n\t\t<\/div>\n\t\t\t\t\t<\/div>\n\t\t<\/section>\n\t\t\t\t<section class=\"elementor-section elementor-top-section elementor-element elementor-element-73b4abf elementor-section-boxed elementor-section-height-default elementor-section-height-default\" data-id=\"73b4abf\" data-element_type=\"section\" data-e-type=\"section\">\n\t\t\t\t\t\t<div class=\"elementor-container elementor-column-gap-default\">\n\t\t\t\t\t<div class=\"elementor-column elementor-col-100 elementor-top-column elementor-element elementor-element-ade1943\" data-id=\"ade1943\" data-element_type=\"column\" data-e-type=\"column\">\n\t\t\t<div class=\"elementor-widget-wrap elementor-element-populated\">\n\t\t\t\t\t\t<div class=\"elementor-element elementor-element-b14bbf1 elementor-widget elementor-widget-text-editor\" data-id=\"b14bbf1\" data-element_type=\"widget\" data-e-type=\"widget\" data-widget_type=\"text-editor.default\">\n\t\t\t\t<div class=\"elementor-widget-container\">\n\t\t\t\t\t\t\t\t\t<p>Le Centre canadien pour l&rsquo;unit\u00e9 de la famille propose des placements et des opportunit\u00e9s de b\u00e9n\u00e9volat dans les domaines suivants :<\/p><ul><li>Assistant administratif et assistant de bureau<\/li><li>Instructeur informatique\/Internet ( programmation, maintenance, etc.)<\/li><li>Instructeur programme d\u2019arts ( Arts visuels, Arts de la sc\u00e8nes, etc.)<\/li><li>Assistant lors de l\u2019organisation des \u00e9v\u00e8nements communautaires ( logistique, coordination des b\u00e9n\u00e9voles, etc.)<\/li><li>Assistante marketing\/communication<\/li><li>Assistant en d\u00e9veloppement de programme<\/li><li>Assistant \u00e0 la r\u00e9daction de propositions et demandes de subventions<\/li><li>Assistant de recherche<\/li><li>Assistant au d\u00e9veloppement de sites Web ( D\u00e9veloppement et mise \u00e0 jour)<\/li><li>Graphiste &#8211; Photographe \u2013 Vid\u00e9aste<\/li><li>Assistant coordonnateur(trice) R\u00e9seaux sociaux<\/li><li>Instructeur\/mentor du programme d\u2019entrepreneuriat<\/li><\/ul><p><strong>Pour rejoindre notre \u00e9quipe, veuillez cliquer sur le bouton \u00ab\u00a0Postuler\u00a0\u00bb ci-dessous en nous envoyant votre CV et lettre de motivation. Notre \u00e9quipe reviendra vers vous au plus vite pour les prochaines \u00e9tapes.<\/strong><\/p>\t\t\t\t\t\t\t\t<\/div>\n\t\t\t\t<\/div>\n\t\t\t\t\t<\/div>\n\t\t<\/div>\n\t\t\t\t\t<\/div>\n\t\t<\/section>\n\t\t\t\t<section class=\"elementor-section elementor-top-section elementor-element elementor-element-c4aa862 elementor-section-boxed elementor-section-height-default elementor-section-height-default\" data-id=\"c4aa862\" data-element_type=\"section\" data-e-type=\"section\">\n\t\t\t\t\t\t<div class=\"elementor-container elementor-column-gap-default\">\n\t\t\t\t\t<div class=\"elementor-column elementor-col-100 elementor-top-column elementor-element elementor-element-6cbdc02\" data-id=\"6cbdc02\" data-element_type=\"column\" data-e-type=\"column\">\n\t\t\t<div class=\"elementor-widget-wrap elementor-element-populated\">\n\t\t\t\t\t\t<div class=\"elementor-element elementor-element-ccb52ec elementor-align-center elementor-widget elementor-widget-button\" data-id=\"ccb52ec\" data-element_type=\"widget\" data-e-type=\"widget\" data-widget_type=\"button.default\">\n\t\t\t\t<div class=\"elementor-widget-container\">\n\t\t\t\t\t\t\t\t\t<div class=\"elementor-button-wrapper\">\n\t\t\t\t\t<a class=\"elementor-button elementor-button-link elementor-size-sm elementor-animation-shrink\" href=\"https:\/\/centrecanadiendelafamille.ca\/en\/postuler\/\">\n\t\t\t\t\t\t<span class=\"elementor-button-content-wrapper\">\n\t\t\t\t\t\t\t\t\t<span class=\"elementor-button-text\">Postuler<\/span>\n\t\t\t\t\t<\/span>\n\t\t\t\t\t<\/a>\n\t\t\t\t<\/div>\n\t\t\t\t\t\t\t\t<\/div>\n\t\t\t\t<\/div>\n\t\t\t\t\t<\/div>\n\t\t<\/div>\n\t\t\t\t\t<\/div>\n\t\t<\/section>\n\t\t\t\t<section class=\"elementor-section elementor-top-section elementor-element elementor-element-4ca5dd0 elementor-section-boxed elementor-section-height-default elementor-section-height-default\" data-id=\"4ca5dd0\" data-element_type=\"section\" data-e-type=\"section\">\n\t\t\t\t\t\t<div class=\"elementor-container elementor-column-gap-default\">\n\t\t\t\t\t<div class=\"elementor-column elementor-col-100 elementor-top-column elementor-element elementor-element-2e2657b\" data-id=\"2e2657b\" data-element_type=\"column\" data-e-type=\"column\">\n\t\t\t<div class=\"elementor-widget-wrap elementor-element-populated\">\n\t\t\t\t\t\t<div class=\"elementor-element elementor-element-9728d50 elementor-widget elementor-widget-spacer\" data-id=\"9728d50\" data-element_type=\"widget\" data-e-type=\"widget\" data-widget_type=\"spacer.default\">\n\t\t\t\t<div class=\"elementor-widget-container\">\n\t\t\t\t\t\t\t<div class=\"elementor-spacer\">\n\t\t\t<div class=\"elementor-spacer-inner\"><\/div>\n\t\t<\/div>\n\t\t\t\t\t\t<\/div>\n\t\t\t\t<\/div>\n\t\t\t\t\t<\/div>\n\t\t<\/div>\n\t\t\t\t\t<\/div>\n\t\t<\/section>\n\t\t\t\t<\/div>","protected":false},"excerpt":{"rendered":"<p>Carri\u00e8res \/ b\u00e9n\u00e9volat OPPORTUNIT\u00c9S D&rsquo;EMPLOI AU CCF&nbsp;&nbsp; &nbsp; &nbsp; &nbsp; &nbsp; Le Centre canadien pour l&rsquo;unit\u00e9 de la famille propose des placements et des opportunit\u00e9s de b\u00e9n\u00e9volat dans les domaines suivants : 01-02-2026: Agent\u00b7e de marketing, communication et m\u00e9dias sociaux\u00a0 Pour rejoindre notre \u00e9quipe, veuillez cliquer sur le bouton \u00ab\u00a0Postuler\u00a0\u00bb ci-dessous en nous envoyant votre&#8230;<\/p>","protected":false},"author":1,"featured_media":0,"parent":0,"menu_order":0,"comment_status":"closed","ping_status":"closed","template":"","meta":{"footnotes":""},"class_list":["post-2086","page","type-page","status-publish","hentry"],"yoast_head":"<!-- This site is optimized with the Yoast SEO plugin v27.5 - https:\/\/yoast.com\/product\/yoast-seo-wordpress\/ -->\n<title>Carri\u00e8res - Centre canadien pour l&#039;unit&eacute; de la famille<\/title>\n<meta name=\"robots\" content=\"index, follow, max-snippet:-1, max-image-preview:large, max-video-preview:-1\" \/>\n<link rel=\"canonical\" href=\"https:\/\/centrecanadiendelafamille.ca\/en\/carrieres\/\" \/>\n<meta property=\"og:locale\" content=\"en_US\" \/>\n<meta property=\"og:type\" content=\"article\" \/>\n<meta property=\"og:title\" content=\"Carri\u00e8res - Centre canadien pour l&#039;unit&eacute; de la famille\" \/>\n<meta property=\"og:description\" content=\"Carri\u00e8res \/ b\u00e9n\u00e9volat OPPORTUNIT\u00c9S D&rsquo;EMPLOI AU CCF&nbsp;&nbsp; &nbsp; &nbsp; &nbsp; &nbsp; Le Centre canadien pour l&rsquo;unit\u00e9 de la famille propose des placements et des opportunit\u00e9s de b\u00e9n\u00e9volat dans les domaines suivants : 01-02-2026: Agent\u00b7e de marketing, communication et m\u00e9dias sociaux\u00a0 Pour rejoindre notre \u00e9quipe, veuillez cliquer sur le bouton \u00ab\u00a0Postuler\u00a0\u00bb ci-dessous en nous envoyant votre...\" \/>\n<meta property=\"og:url\" content=\"https:\/\/centrecanadiendelafamille.ca\/en\/carrieres\/\" \/>\n<meta property=\"og:site_name\" content=\"Centre canadien pour l&#039;unit&eacute; de la famille\" \/>\n<meta property=\"article:modified_time\" content=\"2026-02-09T04:59:29+00:00\" \/>\n<meta name=\"twitter:card\" content=\"summary_large_image\" \/>\n<meta name=\"twitter:label1\" content=\"Est. reading time\" \/>\n\t<meta name=\"twitter:data1\" content=\"1 minute\" \/>\n<script type=\"application\/ld+json\" class=\"yoast-schema-graph\">{\"@context\":\"https:\\\/\\\/schema.org\",\"@graph\":[{\"@type\":\"WebPage\",\"@id\":\"https:\\\/\\\/centrecanadiendelafamille.ca\\\/carrieres\\\/\",\"url\":\"https:\\\/\\\/centrecanadiendelafamille.ca\\\/carrieres\\\/\",\"name\":\"Carri\u00e8res - Centre canadien pour l'unit&eacute; de la famille\",\"isPartOf\":{\"@id\":\"https:\\\/\\\/centrecanadiendelafamille.ca\\\/#website\"},\"datePublished\":\"2021-08-25T23:08:51+00:00\",\"dateModified\":\"2026-02-09T04:59:29+00:00\",\"breadcrumb\":{\"@id\":\"https:\\\/\\\/centrecanadiendelafamille.ca\\\/carrieres\\\/#breadcrumb\"},\"inLanguage\":\"en-US\",\"potentialAction\":[{\"@type\":\"ReadAction\",\"target\":[\"https:\\\/\\\/centrecanadiendelafamille.ca\\\/carrieres\\\/\"]}]},{\"@type\":\"BreadcrumbList\",\"@id\":\"https:\\\/\\\/centrecanadiendelafamille.ca\\\/carrieres\\\/#breadcrumb\",\"itemListElement\":[{\"@type\":\"ListItem\",\"position\":1,\"name\":\"Home\",\"item\":\"https:\\\/\\\/centrecanadiendelafamille.ca\\\/\"},{\"@type\":\"ListItem\",\"position\":2,\"name\":\"Carri\u00e8res\"}]},{\"@type\":\"WebSite\",\"@id\":\"https:\\\/\\\/centrecanadiendelafamille.ca\\\/#website\",\"url\":\"https:\\\/\\\/centrecanadiendelafamille.ca\\\/\",\"name\":\"Centre canadien pour l'unit&eacute; de la famille\",\"description\":\"Pour notre bien-&ecirc;tre\",\"publisher\":{\"@id\":\"https:\\\/\\\/centrecanadiendelafamille.ca\\\/#organization\"},\"potentialAction\":[{\"@type\":\"SearchAction\",\"target\":{\"@type\":\"EntryPoint\",\"urlTemplate\":\"https:\\\/\\\/centrecanadiendelafamille.ca\\\/?s={search_term_string}\"},\"query-input\":{\"@type\":\"PropertyValueSpecification\",\"valueRequired\":true,\"valueName\":\"search_term_string\"}}],\"inLanguage\":\"en-US\"},{\"@type\":\"Organization\",\"@id\":\"https:\\\/\\\/centrecanadiendelafamille.ca\\\/#organization\",\"name\":\"Centre canadien pour l'unit&eacute; de la famille\",\"url\":\"https:\\\/\\\/centrecanadiendelafamille.ca\\\/\",\"logo\":{\"@type\":\"ImageObject\",\"inLanguage\":\"en-US\",\"@id\":\"https:\\\/\\\/centrecanadiendelafamille.ca\\\/#\\\/schema\\\/logo\\\/image\\\/\",\"url\":\"https:\\\/\\\/centrecanadiendelafamille.ca\\\/wp-content\\\/uploads\\\/2021\\\/04\\\/cropped-CCF20-LOGO_FINAL.jpg\",\"contentUrl\":\"https:\\\/\\\/centrecanadiendelafamille.ca\\\/wp-content\\\/uploads\\\/2021\\\/04\\\/cropped-CCF20-LOGO_FINAL.jpg\",\"width\":747,\"height\":290,\"caption\":\"Centre canadien pour l'unit&eacute; de la famille\"},\"image\":{\"@id\":\"https:\\\/\\\/centrecanadiendelafamille.ca\\\/#\\\/schema\\\/logo\\\/image\\\/\"}}]}<\/script>\n<!-- \/ Yoast SEO plugin. -->","yoast_head_json":{"title":"Carri\u00e8res - Centre canadien pour l'unit&eacute; de la famille","robots":{"index":"index","follow":"follow","max-snippet":"max-snippet:-1","max-image-preview":"max-image-preview:large","max-video-preview":"max-video-preview:-1"},"canonical":"https:\/\/centrecanadiendelafamille.ca\/en\/carrieres\/","og_locale":"en_US","og_type":"article","og_title":"Carri\u00e8res - Centre canadien pour l'unit&eacute; de la famille","og_description":"Carri\u00e8res \/ b\u00e9n\u00e9volat OPPORTUNIT\u00c9S D&rsquo;EMPLOI AU CCF&nbsp;&nbsp; &nbsp; &nbsp; &nbsp; &nbsp; Le Centre canadien pour l&rsquo;unit\u00e9 de la famille propose des placements et des opportunit\u00e9s de b\u00e9n\u00e9volat dans les domaines suivants : 01-02-2026: Agent\u00b7e de marketing, communication et m\u00e9dias sociaux\u00a0 Pour rejoindre notre \u00e9quipe, veuillez cliquer sur le bouton \u00ab\u00a0Postuler\u00a0\u00bb ci-dessous en nous envoyant votre...","og_url":"https:\/\/centrecanadiendelafamille.ca\/en\/carrieres\/","og_site_name":"Centre canadien pour l'unit&eacute; de la famille","article_modified_time":"2026-02-09T04:59:29+00:00","twitter_card":"summary_large_image","twitter_misc":{"Est. reading time":"1 minute"},"schema":{"@context":"https:\/\/schema.org","@graph":[{"@type":"WebPage","@id":"https:\/\/centrecanadiendelafamille.ca\/carrieres\/","url":"https:\/\/centrecanadiendelafamille.ca\/carrieres\/","name":"Carri\u00e8res - Centre canadien pour l'unit&eacute; de la famille","isPartOf":{"@id":"https:\/\/centrecanadiendelafamille.ca\/#website"},"datePublished":"2021-08-25T23:08:51+00:00","dateModified":"2026-02-09T04:59:29+00:00","breadcrumb":{"@id":"https:\/\/centrecanadiendelafamille.ca\/carrieres\/#breadcrumb"},"inLanguage":"en-US","potentialAction":[{"@type":"ReadAction","target":["https:\/\/centrecanadiendelafamille.ca\/carrieres\/"]}]},{"@type":"BreadcrumbList","@id":"https:\/\/centrecanadiendelafamille.ca\/carrieres\/#breadcrumb","itemListElement":[{"@type":"ListItem","position":1,"name":"Home","item":"https:\/\/centrecanadiendelafamille.ca\/"},{"@type":"ListItem","position":2,"name":"Carri\u00e8res"}]},{"@type":"WebSite","@id":"https:\/\/centrecanadiendelafamille.ca\/#website","url":"https:\/\/centrecanadiendelafamille.ca\/","name":"Centre canadien pour l'unit&eacute; de la famille","description":"Pour notre bien-&ecirc;tre","publisher":{"@id":"https:\/\/centrecanadiendelafamille.ca\/#organization"},"potentialAction":[{"@type":"SearchAction","target":{"@type":"EntryPoint","urlTemplate":"https:\/\/centrecanadiendelafamille.ca\/?s={search_term_string}"},"query-input":{"@type":"PropertyValueSpecification","valueRequired":true,"valueName":"search_term_string"}}],"inLanguage":"en-US"},{"@type":"Organization","@id":"https:\/\/centrecanadiendelafamille.ca\/#organization","name":"Centre canadien pour l'unit&eacute; de la famille","url":"https:\/\/centrecanadiendelafamille.ca\/","logo":{"@type":"ImageObject","inLanguage":"en-US","@id":"https:\/\/centrecanadiendelafamille.ca\/#\/schema\/logo\/image\/","url":"https:\/\/centrecanadiendelafamille.ca\/wp-content\/uploads\/2021\/04\/cropped-CCF20-LOGO_FINAL.jpg","contentUrl":"https:\/\/centrecanadiendelafamille.ca\/wp-content\/uploads\/2021\/04\/cropped-CCF20-LOGO_FINAL.jpg","width":747,"height":290,"caption":"Centre canadien pour l'unit&eacute; de la famille"},"image":{"@id":"https:\/\/centrecanadiendelafamille.ca\/#\/schema\/logo\/image\/"}}]}},"_links":{"self":[{"href":"https:\/\/centrecanadiendelafamille.ca\/en\/wp-json\/wp\/v2\/pages\/2086","targetHints":{"allow":["GET"]}}],"collection":[{"href":"https:\/\/centrecanadiendelafamille.ca\/en\/wp-json\/wp\/v2\/pages"}],"about":[{"href":"https:\/\/centrecanadiendelafamille.ca\/en\/wp-json\/wp\/v2\/types\/page"}],"author":[{"embeddable":true,"href":"https:\/\/centrecanadiendelafamille.ca\/en\/wp-json\/wp\/v2\/users\/1"}],"replies":[{"embeddable":true,"href":"https:\/\/centrecanadiendelafamille.ca\/en\/wp-json\/wp\/v2\/comments?post=2086"}],"version-history":[{"count":6,"href":"https:\/\/centrecanadiendelafamille.ca\/en\/wp-json\/wp\/v2\/pages\/2086\/revisions"}],"predecessor-version":[{"id":6323,"href":"https:\/\/centrecanadiendelafamille.ca\/en\/wp-json\/wp\/v2\/pages\/2086\/revisions\/6323"}],"wp:attachment":[{"href":"https:\/\/centrecanadiendelafamille.ca\/en\/wp-json\/wp\/v2\/media?parent=2086"}],"curies":[{"name":"wp","href":"https:\/\/api.w.org\/{rel}","templated":true}]}}