{"id":1526,"date":"2021-04-19T15:33:45","date_gmt":"2021-04-19T15:33:45","guid":{"rendered":"https:\/\/centrecanadiendelafamille.ca\/?page_id=1526"},"modified":"2023-04-23T07:32:25","modified_gmt":"2023-04-23T07:32:25","slug":"communication-interculturelle-2","status":"publish","type":"page","link":"https:\/\/centrecanadiendelafamille.ca\/en\/communication-interculturelle-2\/","title":{"rendered":"Communication Interculturelle"},"content":{"rendered":"<div data-elementor-type=\"wp-page\" data-elementor-id=\"1526\" class=\"elementor elementor-1526\" data-elementor-post-type=\"page\">\n\t\t\t\t\t\t<section class=\"elementor-section elementor-top-section elementor-element elementor-element-ac3656f elementor-section-boxed elementor-section-height-default elementor-section-height-default\" data-id=\"ac3656f\" data-element_type=\"section\" data-e-type=\"section\" data-settings=\"{&quot;background_background&quot;:&quot;classic&quot;}\">\n\t\t\t\t\t\t\t<div class=\"elementor-background-overlay\"><\/div>\n\t\t\t\t\t\t\t<div class=\"elementor-container elementor-column-gap-default\">\n\t\t\t\t\t<div class=\"elementor-column elementor-col-33 elementor-top-column elementor-element elementor-element-b9d6a5f elementor-hidden-phone\" data-id=\"b9d6a5f\" data-element_type=\"column\" data-e-type=\"column\">\n\t\t\t<div class=\"elementor-widget-wrap elementor-element-populated\">\n\t\t\t\t\t\t<div class=\"elementor-element elementor-element-9d16d99 elementor-widget-divider--view-line elementor-widget elementor-widget-divider\" data-id=\"9d16d99\" data-element_type=\"widget\" data-e-type=\"widget\" data-widget_type=\"divider.default\">\n\t\t\t\t<div class=\"elementor-widget-container\">\n\t\t\t\t\t\t\t<div class=\"elementor-divider\">\n\t\t\t<span class=\"elementor-divider-separator\">\n\t\t\t\t\t\t<\/span>\n\t\t<\/div>\n\t\t\t\t\t\t<\/div>\n\t\t\t\t<\/div>\n\t\t\t\t\t<\/div>\n\t\t<\/div>\n\t\t\t\t<div class=\"elementor-column elementor-col-33 elementor-top-column elementor-element elementor-element-0b42497\" data-id=\"0b42497\" data-element_type=\"column\" data-e-type=\"column\">\n\t\t\t<div class=\"elementor-widget-wrap elementor-element-populated\">\n\t\t\t\t\t\t<div class=\"elementor-element elementor-element-c16b3e2 elementor-widget elementor-widget-heading\" data-id=\"c16b3e2\" data-element_type=\"widget\" data-e-type=\"widget\" data-widget_type=\"heading.default\">\n\t\t\t\t<div class=\"elementor-widget-container\">\n\t\t\t\t\t<h2 class=\"elementor-heading-title elementor-size-default\">Communication Interculturelle <\/h2>\t\t\t\t<\/div>\n\t\t\t\t<\/div>\n\t\t\t\t\t<\/div>\n\t\t<\/div>\n\t\t\t\t<div class=\"elementor-column elementor-col-33 elementor-top-column elementor-element elementor-element-447f6a1 elementor-hidden-phone\" data-id=\"447f6a1\" data-element_type=\"column\" data-e-type=\"column\">\n\t\t\t<div class=\"elementor-widget-wrap elementor-element-populated\">\n\t\t\t\t\t\t<div class=\"elementor-element elementor-element-8252e11 elementor-widget-divider--view-line elementor-widget elementor-widget-divider\" data-id=\"8252e11\" data-element_type=\"widget\" data-e-type=\"widget\" data-widget_type=\"divider.default\">\n\t\t\t\t<div class=\"elementor-widget-container\">\n\t\t\t\t\t\t\t<div class=\"elementor-divider\">\n\t\t\t<span class=\"elementor-divider-separator\">\n\t\t\t\t\t\t<\/span>\n\t\t<\/div>\n\t\t\t\t\t\t<\/div>\n\t\t\t\t<\/div>\n\t\t\t\t\t<\/div>\n\t\t<\/div>\n\t\t\t\t\t<\/div>\n\t\t<\/section>\n\t\t\t\t<section class=\"elementor-section elementor-top-section elementor-element elementor-element-7c1f71b elementor-section-boxed elementor-section-height-default elementor-section-height-default\" data-id=\"7c1f71b\" data-element_type=\"section\" data-e-type=\"section\">\n\t\t\t\t\t\t<div class=\"elementor-container elementor-column-gap-default\">\n\t\t\t\t\t<div class=\"elementor-column elementor-col-100 elementor-top-column elementor-element elementor-element-2019ebd\" data-id=\"2019ebd\" data-element_type=\"column\" data-e-type=\"column\">\n\t\t\t<div class=\"elementor-widget-wrap elementor-element-populated\">\n\t\t\t\t\t\t<div class=\"elementor-element elementor-element-9145ad6 elementor-widget elementor-widget-spacer\" data-id=\"9145ad6\" data-element_type=\"widget\" data-e-type=\"widget\" data-widget_type=\"spacer.default\">\n\t\t\t\t<div class=\"elementor-widget-container\">\n\t\t\t\t\t\t\t<div class=\"elementor-spacer\">\n\t\t\t<div class=\"elementor-spacer-inner\"><\/div>\n\t\t<\/div>\n\t\t\t\t\t\t<\/div>\n\t\t\t\t<\/div>\n\t\t\t\t\t<\/div>\n\t\t<\/div>\n\t\t\t\t\t<\/div>\n\t\t<\/section>\n\t\t\t\t<section class=\"elementor-section elementor-top-section elementor-element elementor-element-c63d410 elementor-section-boxed elementor-section-height-default elementor-section-height-default\" data-id=\"c63d410\" data-element_type=\"section\" data-e-type=\"section\">\n\t\t\t\t\t\t<div class=\"elementor-container elementor-column-gap-default\">\n\t\t\t\t\t<div class=\"elementor-column elementor-col-33 elementor-top-column elementor-element elementor-element-0b53259\" data-id=\"0b53259\" data-element_type=\"column\" data-e-type=\"column\">\n\t\t\t<div class=\"elementor-widget-wrap elementor-element-populated\">\n\t\t\t\t\t\t<div class=\"elementor-element elementor-element-632f2fa elementor-widget elementor-widget-image\" data-id=\"632f2fa\" data-element_type=\"widget\" data-e-type=\"widget\" data-widget_type=\"image.default\">\n\t\t\t\t<div class=\"elementor-widget-container\">\n\t\t\t\t\t\t\t\t\t\t\t\t\t\t\t\t<a href=\"https:\/\/centrecanadiendelafamille.ca\/en\/jaffiche-mon-identite\/\">\n\t\t\t\t\t\t\t<img fetchpriority=\"high\" decoding=\"async\" width=\"800\" height=\"533\" src=\"https:\/\/centrecanadiendelafamille.ca\/wp-content\/uploads\/2021\/09\/JMI-1024x682.jpg\" class=\"attachment-large size-large wp-image-2375\" alt=\"\" srcset=\"https:\/\/centrecanadiendelafamille.ca\/wp-content\/uploads\/2021\/09\/JMI-1024x682.jpg 1024w, https:\/\/centrecanadiendelafamille.ca\/wp-content\/uploads\/2021\/09\/JMI-300x200.jpg 300w, https:\/\/centrecanadiendelafamille.ca\/wp-content\/uploads\/2021\/09\/JMI-768x512.jpg 768w, https:\/\/centrecanadiendelafamille.ca\/wp-content\/uploads\/2021\/09\/JMI.jpg 1310w\" sizes=\"(max-width: 800px) 100vw, 800px\" \/>\t\t\t\t\t\t\t\t<\/a>\n\t\t\t\t\t\t\t\t\t\t\t\t\t\t\t<\/div>\n\t\t\t\t<\/div>\n\t\t\t\t<section class=\"elementor-section elementor-inner-section elementor-element elementor-element-88adf8d elementor-section-boxed elementor-section-height-default elementor-section-height-default\" data-id=\"88adf8d\" data-element_type=\"section\" data-e-type=\"section\">\n\t\t\t\t\t\t<div class=\"elementor-container elementor-column-gap-default\">\n\t\t\t\t\t<div class=\"elementor-column elementor-col-100 elementor-inner-column elementor-element elementor-element-5e451ce\" data-id=\"5e451ce\" data-element_type=\"column\" data-e-type=\"column\">\n\t\t\t<div class=\"elementor-widget-wrap elementor-element-populated\">\n\t\t\t\t\t\t<div class=\"elementor-element elementor-element-2aa2165 elementor-widget elementor-widget-heading\" data-id=\"2aa2165\" data-element_type=\"widget\" data-e-type=\"widget\" data-widget_type=\"heading.default\">\n\t\t\t\t<div class=\"elementor-widget-container\">\n\t\t\t\t\t<h2 class=\"elementor-heading-title elementor-size-default\">Espace de paroles : J\u2019Affiche Mon Identit\u00e9<\/h2>\t\t\t\t<\/div>\n\t\t\t\t<\/div>\n\t\t\t\t<div class=\"elementor-element elementor-element-8572aa4 elementor-widget elementor-widget-text-editor\" data-id=\"8572aa4\" data-element_type=\"widget\" data-e-type=\"widget\" data-widget_type=\"text-editor.default\">\n\t\t\t\t<div class=\"elementor-widget-container\">\n\t\t\t\t\t\t\t\t\t<p>Une plateforme d\u2019\u00e9change sur l\u2019identit\u00e9 et l\u2019affirmation de soi pour les jeunes.\u00a0D\u00e9fis, r\u00e9alit\u00e9s v\u00e9cues, diversit\u00e9 et solutions.<\/p>\t\t\t\t\t\t\t\t<\/div>\n\t\t\t\t<\/div>\n\t\t\t\t\t<\/div>\n\t\t<\/div>\n\t\t\t\t\t<\/div>\n\t\t<\/section>\n\t\t\t\t\t<\/div>\n\t\t<\/div>\n\t\t\t\t<div class=\"elementor-column elementor-col-33 elementor-top-column elementor-element elementor-element-f148428\" data-id=\"f148428\" data-element_type=\"column\" data-e-type=\"column\">\n\t\t\t<div class=\"elementor-widget-wrap\">\n\t\t\t\t\t\t\t<\/div>\n\t\t<\/div>\n\t\t\t\t<div class=\"elementor-column elementor-col-33 elementor-top-column elementor-element elementor-element-c341f3f\" data-id=\"c341f3f\" data-element_type=\"column\" data-e-type=\"column\">\n\t\t\t<div class=\"elementor-widget-wrap elementor-element-populated\">\n\t\t\t\t\t\t<div class=\"elementor-element elementor-element-b5e7c6c elementor-widget elementor-widget-image\" data-id=\"b5e7c6c\" data-element_type=\"widget\" data-e-type=\"widget\" data-widget_type=\"image.default\">\n\t\t\t\t<div class=\"elementor-widget-container\">\n\t\t\t\t\t\t\t\t\t\t\t\t\t\t\t<img decoding=\"async\" width=\"800\" height=\"533\" src=\"https:\/\/centrecanadiendelafamille.ca\/wp-content\/uploads\/2021\/09\/AdolArt-1024x682.jpg\" class=\"attachment-large size-large wp-image-2379\" alt=\"\" srcset=\"https:\/\/centrecanadiendelafamille.ca\/wp-content\/uploads\/2021\/09\/AdolArt-1024x682.jpg 1024w, https:\/\/centrecanadiendelafamille.ca\/wp-content\/uploads\/2021\/09\/AdolArt-300x200.jpg 300w, https:\/\/centrecanadiendelafamille.ca\/wp-content\/uploads\/2021\/09\/AdolArt-768x512.jpg 768w, https:\/\/centrecanadiendelafamille.ca\/wp-content\/uploads\/2021\/09\/AdolArt.jpg 1310w\" sizes=\"(max-width: 800px) 100vw, 800px\" \/>\t\t\t\t\t\t\t\t\t\t\t\t\t\t\t<\/div>\n\t\t\t\t<\/div>\n\t\t\t\t<section class=\"elementor-section elementor-inner-section elementor-element elementor-element-a99192e elementor-section-boxed elementor-section-height-default elementor-section-height-default\" data-id=\"a99192e\" data-element_type=\"section\" data-e-type=\"section\">\n\t\t\t\t\t\t<div class=\"elementor-container elementor-column-gap-default\">\n\t\t\t\t\t<div class=\"elementor-column elementor-col-100 elementor-inner-column elementor-element elementor-element-5703d03\" data-id=\"5703d03\" data-element_type=\"column\" data-e-type=\"column\">\n\t\t\t<div class=\"elementor-widget-wrap elementor-element-populated\">\n\t\t\t\t\t\t<div class=\"elementor-element elementor-element-b796c99 elementor-widget elementor-widget-heading\" data-id=\"b796c99\" data-element_type=\"widget\" data-e-type=\"widget\" data-widget_type=\"heading.default\">\n\t\t\t\t<div class=\"elementor-widget-container\">\n\t\t\t\t\t<h2 class=\"elementor-heading-title elementor-size-default\">Adol'Art <\/h2>\t\t\t\t<\/div>\n\t\t\t\t<\/div>\n\t\t\t\t<div class=\"elementor-element elementor-element-8db63e0 elementor-widget elementor-widget-text-editor\" data-id=\"8db63e0\" data-element_type=\"widget\" data-e-type=\"widget\" data-widget_type=\"text-editor.default\">\n\t\t\t\t<div class=\"elementor-widget-container\">\n\t\t\t\t\t\t\t\t\t<div><p><span lang=\"FR\"><span lang=\"FR\">Favoriser le bien-\u00eatre des adolescents par les arts. <\/span><\/span>Une plateforme o\u00f9 l\u2019adolescent \u00e0 l\u2019opportunit\u00e9 de s&rsquo;exprimer et de r\u00e9fl\u00e9chir sur les singularit\u00e9s de ce moment de la vie (informer, sensibiliser, motiver, \u00e9duquer).<\/p><\/div>\t\t\t\t\t\t\t\t<\/div>\n\t\t\t\t<\/div>\n\t\t\t\t\t<\/div>\n\t\t<\/div>\n\t\t\t\t\t<\/div>\n\t\t<\/section>\n\t\t\t\t\t<\/div>\n\t\t<\/div>\n\t\t\t\t\t<\/div>\n\t\t<\/section>\n\t\t\t\t<section class=\"elementor-section elementor-top-section elementor-element elementor-element-d0bc5ff elementor-section-boxed elementor-section-height-default elementor-section-height-default\" data-id=\"d0bc5ff\" data-element_type=\"section\" data-e-type=\"section\" data-settings=\"{&quot;background_background&quot;:&quot;classic&quot;}\">\n\t\t\t\t\t\t<div class=\"elementor-container elementor-column-gap-default\">\n\t\t\t\t\t<div class=\"elementor-column elementor-col-100 elementor-top-column elementor-element elementor-element-40b5292\" data-id=\"40b5292\" data-element_type=\"column\" data-e-type=\"column\">\n\t\t\t<div class=\"elementor-widget-wrap elementor-element-populated\">\n\t\t\t\t\t\t<div class=\"elementor-element elementor-element-73db31c elementor-align-center elementor-mobile-align-center elementor-widget elementor-widget-button\" data-id=\"73db31c\" data-element_type=\"widget\" data-e-type=\"widget\" data-settings=\"{&quot;_animation&quot;:&quot;none&quot;,&quot;_animation_mobile&quot;:&quot;fadeIn&quot;}\" data-widget_type=\"button.default\">\n\t\t\t\t<div class=\"elementor-widget-container\">\n\t\t\t\t\t\t\t\t\t<div class=\"elementor-button-wrapper\">\n\t\t\t\t\t<a class=\"elementor-button elementor-button-link elementor-size-sm elementor-animation-shrink\" href=\"https:\/\/www.eventbrite.ca\/o\/centre-canadien-pour-lunite-de-la-famille-ccf-26935168531\" target=\"_blank\">\n\t\t\t\t\t\t<span class=\"elementor-button-content-wrapper\">\n\t\t\t\t\t\t\t\t\t<span class=\"elementor-button-text\">Inscrivez-vous \u00e0 nos prochaines activit\u00e9s<\/span>\n\t\t\t\t\t<\/span>\n\t\t\t\t\t<\/a>\n\t\t\t\t<\/div>\n\t\t\t\t\t\t\t\t<\/div>\n\t\t\t\t<\/div>\n\t\t\t\t\t<\/div>\n\t\t<\/div>\n\t\t\t\t\t<\/div>\n\t\t<\/section>\n\t\t\t\t<section class=\"elementor-section elementor-top-section elementor-element elementor-element-3d33d06 elementor-section-full_width elementor-section-height-default elementor-section-height-default\" data-id=\"3d33d06\" data-element_type=\"section\" data-e-type=\"section\">\n\t\t\t\t\t\t<div class=\"elementor-container elementor-column-gap-no\">\n\t\t\t\t\t<div class=\"elementor-column elementor-col-100 elementor-top-column elementor-element elementor-element-0782718\" data-id=\"0782718\" data-element_type=\"column\" data-e-type=\"column\">\n\t\t\t<div class=\"elementor-widget-wrap elementor-element-populated\">\n\t\t\t\t\t\t<div class=\"elementor-element elementor-element-f77d7b1 elementor-widget elementor-widget-spacer\" data-id=\"f77d7b1\" data-element_type=\"widget\" data-e-type=\"widget\" data-widget_type=\"spacer.default\">\n\t\t\t\t<div class=\"elementor-widget-container\">\n\t\t\t\t\t\t\t<div class=\"elementor-spacer\">\n\t\t\t<div class=\"elementor-spacer-inner\"><\/div>\n\t\t<\/div>\n\t\t\t\t\t\t<\/div>\n\t\t\t\t<\/div>\n\t\t\t\t\t<\/div>\n\t\t<\/div>\n\t\t\t\t\t<\/div>\n\t\t<\/section>\n\t\t\t\t<\/div>","protected":false},"excerpt":{"rendered":"<p>Communication Interculturelle Espace de paroles : J\u2019Affiche Mon Identit\u00e9 Une plateforme d\u2019\u00e9change sur l\u2019identit\u00e9 et l\u2019affirmation de soi pour les jeunes.\u00a0D\u00e9fis, r\u00e9alit\u00e9s v\u00e9cues, diversit\u00e9 et solutions. Adol&rsquo;Art Favoriser le bien-\u00eatre des adolescents par les arts. Une plateforme o\u00f9 l\u2019adolescent \u00e0 l\u2019opportunit\u00e9 de s&rsquo;exprimer et de r\u00e9fl\u00e9chir sur les singularit\u00e9s de ce moment de la vie&#8230;<\/p>","protected":false},"author":1,"featured_media":0,"parent":0,"menu_order":0,"comment_status":"closed","ping_status":"closed","template":"","meta":{"footnotes":""},"class_list":["post-1526","page","type-page","status-publish","hentry"],"yoast_head":"<!-- This site is optimized with the Yoast SEO plugin v27.5 - https:\/\/yoast.com\/product\/yoast-seo-wordpress\/ -->\n<title>Communication Interculturelle - Centre canadien pour l&#039;unit&eacute; de la famille<\/title>\n<meta name=\"robots\" content=\"index, follow, max-snippet:-1, max-image-preview:large, max-video-preview:-1\" \/>\n<link rel=\"canonical\" href=\"http:\/\/centrecanadiendelafamille.ca\/en\/communication-interculturelle-2\/\" \/>\n<meta property=\"og:locale\" content=\"en_US\" \/>\n<meta property=\"og:type\" content=\"article\" \/>\n<meta property=\"og:title\" content=\"Communication Interculturelle - Centre canadien pour l&#039;unit&eacute; de la famille\" \/>\n<meta property=\"og:description\" content=\"Communication Interculturelle Espace de paroles : J\u2019Affiche Mon Identit\u00e9 Une plateforme d\u2019\u00e9change sur l\u2019identit\u00e9 et l\u2019affirmation de soi pour les jeunes.\u00a0D\u00e9fis, r\u00e9alit\u00e9s v\u00e9cues, diversit\u00e9 et solutions. Adol&rsquo;Art Favoriser le bien-\u00eatre des adolescents par les arts. Une plateforme o\u00f9 l\u2019adolescent \u00e0 l\u2019opportunit\u00e9 de s&rsquo;exprimer et de r\u00e9fl\u00e9chir sur les singularit\u00e9s de ce moment de la vie...\" \/>\n<meta property=\"og:url\" content=\"http:\/\/centrecanadiendelafamille.ca\/en\/communication-interculturelle-2\/\" \/>\n<meta property=\"og:site_name\" content=\"Centre canadien pour l&#039;unit&eacute; de la famille\" \/>\n<meta property=\"article:modified_time\" content=\"2023-04-23T07:32:25+00:00\" \/>\n<meta property=\"og:image\" content=\"http:\/\/centrecanadiendelafamille.ca\/wp-content\/uploads\/2021\/09\/JMI-1024x682.jpg\" \/>\n<meta name=\"twitter:card\" content=\"summary_large_image\" \/>\n<meta name=\"twitter:label1\" content=\"Est. reading time\" \/>\n\t<meta name=\"twitter:data1\" content=\"1 minute\" \/>\n<script type=\"application\/ld+json\" class=\"yoast-schema-graph\">{\"@context\":\"https:\\\/\\\/schema.org\",\"@graph\":[{\"@type\":\"WebPage\",\"@id\":\"http:\\\/\\\/centrecanadiendelafamille.ca\\\/communication-interculturelle-2\\\/\",\"url\":\"http:\\\/\\\/centrecanadiendelafamille.ca\\\/communication-interculturelle-2\\\/\",\"name\":\"Communication Interculturelle - Centre canadien pour l'unit&eacute; de la famille\",\"isPartOf\":{\"@id\":\"https:\\\/\\\/centrecanadiendelafamille.ca\\\/#website\"},\"primaryImageOfPage\":{\"@id\":\"http:\\\/\\\/centrecanadiendelafamille.ca\\\/communication-interculturelle-2\\\/#primaryimage\"},\"image\":{\"@id\":\"http:\\\/\\\/centrecanadiendelafamille.ca\\\/communication-interculturelle-2\\\/#primaryimage\"},\"thumbnailUrl\":\"https:\\\/\\\/centrecanadiendelafamille.ca\\\/wp-content\\\/uploads\\\/2021\\\/09\\\/JMI-1024x682.jpg\",\"datePublished\":\"2021-04-19T15:33:45+00:00\",\"dateModified\":\"2023-04-23T07:32:25+00:00\",\"breadcrumb\":{\"@id\":\"http:\\\/\\\/centrecanadiendelafamille.ca\\\/communication-interculturelle-2\\\/#breadcrumb\"},\"inLanguage\":\"en-US\",\"potentialAction\":[{\"@type\":\"ReadAction\",\"target\":[\"http:\\\/\\\/centrecanadiendelafamille.ca\\\/communication-interculturelle-2\\\/\"]}]},{\"@type\":\"ImageObject\",\"inLanguage\":\"en-US\",\"@id\":\"http:\\\/\\\/centrecanadiendelafamille.ca\\\/communication-interculturelle-2\\\/#primaryimage\",\"url\":\"https:\\\/\\\/centrecanadiendelafamille.ca\\\/wp-content\\\/uploads\\\/2021\\\/09\\\/JMI-1024x682.jpg\",\"contentUrl\":\"https:\\\/\\\/centrecanadiendelafamille.ca\\\/wp-content\\\/uploads\\\/2021\\\/09\\\/JMI-1024x682.jpg\"},{\"@type\":\"BreadcrumbList\",\"@id\":\"http:\\\/\\\/centrecanadiendelafamille.ca\\\/communication-interculturelle-2\\\/#breadcrumb\",\"itemListElement\":[{\"@type\":\"ListItem\",\"position\":1,\"name\":\"Home\",\"item\":\"https:\\\/\\\/centrecanadiendelafamille.ca\\\/\"},{\"@type\":\"ListItem\",\"position\":2,\"name\":\"Communication Interculturelle\"}]},{\"@type\":\"WebSite\",\"@id\":\"https:\\\/\\\/centrecanadiendelafamille.ca\\\/#website\",\"url\":\"https:\\\/\\\/centrecanadiendelafamille.ca\\\/\",\"name\":\"Centre canadien pour l'unit&eacute; de la famille\",\"description\":\"Pour notre bien-&ecirc;tre\",\"publisher\":{\"@id\":\"https:\\\/\\\/centrecanadiendelafamille.ca\\\/#organization\"},\"potentialAction\":[{\"@type\":\"SearchAction\",\"target\":{\"@type\":\"EntryPoint\",\"urlTemplate\":\"https:\\\/\\\/centrecanadiendelafamille.ca\\\/?s={search_term_string}\"},\"query-input\":{\"@type\":\"PropertyValueSpecification\",\"valueRequired\":true,\"valueName\":\"search_term_string\"}}],\"inLanguage\":\"en-US\"},{\"@type\":\"Organization\",\"@id\":\"https:\\\/\\\/centrecanadiendelafamille.ca\\\/#organization\",\"name\":\"Centre canadien pour l'unit&eacute; de la famille\",\"url\":\"https:\\\/\\\/centrecanadiendelafamille.ca\\\/\",\"logo\":{\"@type\":\"ImageObject\",\"inLanguage\":\"en-US\",\"@id\":\"https:\\\/\\\/centrecanadiendelafamille.ca\\\/#\\\/schema\\\/logo\\\/image\\\/\",\"url\":\"https:\\\/\\\/centrecanadiendelafamille.ca\\\/wp-content\\\/uploads\\\/2021\\\/04\\\/cropped-CCF20-LOGO_FINAL.jpg\",\"contentUrl\":\"https:\\\/\\\/centrecanadiendelafamille.ca\\\/wp-content\\\/uploads\\\/2021\\\/04\\\/cropped-CCF20-LOGO_FINAL.jpg\",\"width\":747,\"height\":290,\"caption\":\"Centre canadien pour l'unit&eacute; de la famille\"},\"image\":{\"@id\":\"https:\\\/\\\/centrecanadiendelafamille.ca\\\/#\\\/schema\\\/logo\\\/image\\\/\"}}]}<\/script>\n<!-- \/ Yoast SEO plugin. -->","yoast_head_json":{"title":"Communication Interculturelle - Centre canadien pour l'unit&eacute; de la famille","robots":{"index":"index","follow":"follow","max-snippet":"max-snippet:-1","max-image-preview":"max-image-preview:large","max-video-preview":"max-video-preview:-1"},"canonical":"http:\/\/centrecanadiendelafamille.ca\/en\/communication-interculturelle-2\/","og_locale":"en_US","og_type":"article","og_title":"Communication Interculturelle - Centre canadien pour l'unit&eacute; de la famille","og_description":"Communication Interculturelle Espace de paroles : J\u2019Affiche Mon Identit\u00e9 Une plateforme d\u2019\u00e9change sur l\u2019identit\u00e9 et l\u2019affirmation de soi pour les jeunes.\u00a0D\u00e9fis, r\u00e9alit\u00e9s v\u00e9cues, diversit\u00e9 et solutions. Adol&rsquo;Art Favoriser le bien-\u00eatre des adolescents par les arts. Une plateforme o\u00f9 l\u2019adolescent \u00e0 l\u2019opportunit\u00e9 de s&rsquo;exprimer et de r\u00e9fl\u00e9chir sur les singularit\u00e9s de ce moment de la vie...","og_url":"http:\/\/centrecanadiendelafamille.ca\/en\/communication-interculturelle-2\/","og_site_name":"Centre canadien pour l'unit&eacute; de la famille","article_modified_time":"2023-04-23T07:32:25+00:00","og_image":[{"url":"http:\/\/centrecanadiendelafamille.ca\/wp-content\/uploads\/2021\/09\/JMI-1024x682.jpg","type":"","width":"","height":""}],"twitter_card":"summary_large_image","twitter_misc":{"Est. reading time":"1 minute"},"schema":{"@context":"https:\/\/schema.org","@graph":[{"@type":"WebPage","@id":"http:\/\/centrecanadiendelafamille.ca\/communication-interculturelle-2\/","url":"http:\/\/centrecanadiendelafamille.ca\/communication-interculturelle-2\/","name":"Communication Interculturelle - Centre canadien pour l'unit&eacute; de la famille","isPartOf":{"@id":"https:\/\/centrecanadiendelafamille.ca\/#website"},"primaryImageOfPage":{"@id":"http:\/\/centrecanadiendelafamille.ca\/communication-interculturelle-2\/#primaryimage"},"image":{"@id":"http:\/\/centrecanadiendelafamille.ca\/communication-interculturelle-2\/#primaryimage"},"thumbnailUrl":"https:\/\/centrecanadiendelafamille.ca\/wp-content\/uploads\/2021\/09\/JMI-1024x682.jpg","datePublished":"2021-04-19T15:33:45+00:00","dateModified":"2023-04-23T07:32:25+00:00","breadcrumb":{"@id":"http:\/\/centrecanadiendelafamille.ca\/communication-interculturelle-2\/#breadcrumb"},"inLanguage":"en-US","potentialAction":[{"@type":"ReadAction","target":["http:\/\/centrecanadiendelafamille.ca\/communication-interculturelle-2\/"]}]},{"@type":"ImageObject","inLanguage":"en-US","@id":"http:\/\/centrecanadiendelafamille.ca\/communication-interculturelle-2\/#primaryimage","url":"https:\/\/centrecanadiendelafamille.ca\/wp-content\/uploads\/2021\/09\/JMI-1024x682.jpg","contentUrl":"https:\/\/centrecanadiendelafamille.ca\/wp-content\/uploads\/2021\/09\/JMI-1024x682.jpg"},{"@type":"BreadcrumbList","@id":"http:\/\/centrecanadiendelafamille.ca\/communication-interculturelle-2\/#breadcrumb","itemListElement":[{"@type":"ListItem","position":1,"name":"Home","item":"https:\/\/centrecanadiendelafamille.ca\/"},{"@type":"ListItem","position":2,"name":"Communication Interculturelle"}]},{"@type":"WebSite","@id":"https:\/\/centrecanadiendelafamille.ca\/#website","url":"https:\/\/centrecanadiendelafamille.ca\/","name":"Centre canadien pour l'unit&eacute; de la famille","description":"Pour notre bien-&ecirc;tre","publisher":{"@id":"https:\/\/centrecanadiendelafamille.ca\/#organization"},"potentialAction":[{"@type":"SearchAction","target":{"@type":"EntryPoint","urlTemplate":"https:\/\/centrecanadiendelafamille.ca\/?s={search_term_string}"},"query-input":{"@type":"PropertyValueSpecification","valueRequired":true,"valueName":"search_term_string"}}],"inLanguage":"en-US"},{"@type":"Organization","@id":"https:\/\/centrecanadiendelafamille.ca\/#organization","name":"Centre canadien pour l'unit&eacute; de la famille","url":"https:\/\/centrecanadiendelafamille.ca\/","logo":{"@type":"ImageObject","inLanguage":"en-US","@id":"https:\/\/centrecanadiendelafamille.ca\/#\/schema\/logo\/image\/","url":"https:\/\/centrecanadiendelafamille.ca\/wp-content\/uploads\/2021\/04\/cropped-CCF20-LOGO_FINAL.jpg","contentUrl":"https:\/\/centrecanadiendelafamille.ca\/wp-content\/uploads\/2021\/04\/cropped-CCF20-LOGO_FINAL.jpg","width":747,"height":290,"caption":"Centre canadien pour l'unit&eacute; de la famille"},"image":{"@id":"https:\/\/centrecanadiendelafamille.ca\/#\/schema\/logo\/image\/"}}]}},"_links":{"self":[{"href":"https:\/\/centrecanadiendelafamille.ca\/en\/wp-json\/wp\/v2\/pages\/1526","targetHints":{"allow":["GET"]}}],"collection":[{"href":"https:\/\/centrecanadiendelafamille.ca\/en\/wp-json\/wp\/v2\/pages"}],"about":[{"href":"https:\/\/centrecanadiendelafamille.ca\/en\/wp-json\/wp\/v2\/types\/page"}],"author":[{"embeddable":true,"href":"https:\/\/centrecanadiendelafamille.ca\/en\/wp-json\/wp\/v2\/users\/1"}],"replies":[{"embeddable":true,"href":"https:\/\/centrecanadiendelafamille.ca\/en\/wp-json\/wp\/v2\/comments?post=1526"}],"version-history":[{"count":6,"href":"https:\/\/centrecanadiendelafamille.ca\/en\/wp-json\/wp\/v2\/pages\/1526\/revisions"}],"predecessor-version":[{"id":5233,"href":"https:\/\/centrecanadiendelafamille.ca\/en\/wp-json\/wp\/v2\/pages\/1526\/revisions\/5233"}],"wp:attachment":[{"href":"https:\/\/centrecanadiendelafamille.ca\/en\/wp-json\/wp\/v2\/media?parent=1526"}],"curies":[{"name":"wp","href":"https:\/\/api.w.org\/{rel}","templated":true}]}}